{"id":736,"date":"2020-03-16T01:05:15","date_gmt":"2020-03-16T01:05:15","guid":{"rendered":"https:\/\/ndtcpartners.com.vn\/?page_id=736"},"modified":"2020-08-17T05:26:06","modified_gmt":"2020-08-17T05:26:06","slug":"experience-sharing","status":"publish","type":"page","link":"https:\/\/ndtcpartners.com.vn\/vi\/experience-sharing","title":{"rendered":"Experience Sharing"},"content":{"rendered":"<p><\/p>\n<div class=\"row\">\n<div class=\"col-xs-12 col-xs-offset-0 col-sm-4 col-sm-offset-2 col-md-4 col-md-offset-2 content\">\n<div class=\"right\">\n<h2 class=\"font_2\">CHIA S\u1eba KINH NGHI\u1ec6M<\/h2>\n<div class=\"body font_9\">\n<p>D\u1ef1a tr\u00ean nh\u1eefng kinh nghi\u1ec7m th\u1ef1c ti\u1ec5n \u0111\u00e3 \u0111\u01b0\u1ee3c \u0111\u00fac k\u1ebft qua c\u00e1c d\u1ef1 \u00e1n trong v\u00e0 ngo\u00e0i n\u01b0\u1edbc, \u0111\u1ed9i ng\u0169 Lu\u1eadt s\u01b0 d\u00e0y d\u1eb7n kinh nghi\u1ec7m c\u1ee7a NDTC &amp; Partners r\u1ea5t t\u1ef1 h\u00e0o khi \u0111\u01b0\u1ee3c cung c\u1ea5p cho kh\u00e1ch h\u00e0ng nh\u1eefng l\u1eddi khuy\u00ean ph\u00e1p l\u00fd th\u1ef1c t\u1ebf, hi\u1ec7u qu\u1ea3 nh\u01b0ng v\u1eabn tu\u00e2n theo c\u00e1c y\u00eau c\u1ea7u ph\u00e1p l\u00fd \u0111\u1ecba ph\u01b0\u01a1ng v\u00e0 \u0111\u1ea3m b\u1ea3o ti\u00eau chu\u1ea9n qu\u1ed1c t\u1ebf.<\/p>\n<\/div>\n<\/div>\n<\/div>\n<div class=\"col-xs-12 col-sm-4 col-md-4\"><img decoding=\"async\" loading=\"lazy\" class=\"alignnone size-full wp-image-748\" src=\"https:\/\/ndtcpartners.com.vn\/wp-content\/uploads\/2020\/03\/\u1ea3nh-web.jpg\" alt=\"\" width=\"8413\" height=\"5609\" srcset=\"https:\/\/ndtcpartners.com.vn\/wp-content\/uploads\/2020\/03\/\u1ea3nh-web.jpg 8413w, https:\/\/ndtcpartners.com.vn\/wp-content\/uploads\/2020\/03\/\u1ea3nh-web-300x200.jpg 300w, https:\/\/ndtcpartners.com.vn\/wp-content\/uploads\/2020\/03\/\u1ea3nh-web-768x512.jpg 768w, https:\/\/ndtcpartners.com.vn\/wp-content\/uploads\/2020\/03\/\u1ea3nh-web-1024x683.jpg 1024w, https:\/\/ndtcpartners.com.vn\/wp-content\/uploads\/2020\/03\/\u1ea3nh-web-1200x800.jpg 1200w\" sizes=\"(max-width: 8413px) 100vw, 8413px\" \/><\/div>\n<\/div>\n<p><\/p>","protected":false},"excerpt":{"rendered":"<p>CHIA S\u1eba KINH NGHI\u1ec6M D\u1ef1a tr\u00ean nh\u1eefng kinh nghi\u1ec7m th\u1ef1c ti\u1ec5n \u0111\u00e3 \u0111\u01b0\u1ee3c \u0111\u00fac k\u1ebft qua c\u00e1c d\u1ef1 \u00e1n trong v\u00e0 ngo\u00e0i n\u01b0\u1edbc, \u0111\u1ed9i ng\u0169 Lu\u1eadt s\u01b0 d\u00e0y d\u1eb7n kinh nghi\u1ec7m c\u1ee7a NDTC &amp; Partners r\u1ea5t t\u1ef1 h\u00e0o khi \u0111\u01b0\u1ee3c cung c\u1ea5p cho kh\u00e1ch h\u00e0ng nh\u1eefng l\u1eddi khuy\u00ean ph\u00e1p l\u00fd th\u1ef1c t\u1ebf, hi\u1ec7u qu\u1ea3 nh\u01b0ng [&hellip;]<\/p>\n","protected":false},"author":1,"featured_media":0,"parent":0,"menu_order":0,"comment_status":"closed","ping_status":"closed","template":"page-experence-sharing_v2.php","meta":[],"_links":{"self":[{"href":"https:\/\/ndtcpartners.com.vn\/vi\/wp-json\/wp\/v2\/pages\/736"}],"collection":[{"href":"https:\/\/ndtcpartners.com.vn\/vi\/wp-json\/wp\/v2\/pages"}],"about":[{"href":"https:\/\/ndtcpartners.com.vn\/vi\/wp-json\/wp\/v2\/types\/page"}],"author":[{"embeddable":true,"href":"https:\/\/ndtcpartners.com.vn\/vi\/wp-json\/wp\/v2\/users\/1"}],"replies":[{"embeddable":true,"href":"https:\/\/ndtcpartners.com.vn\/vi\/wp-json\/wp\/v2\/comments?post=736"}],"version-history":[{"count":10,"href":"https:\/\/ndtcpartners.com.vn\/vi\/wp-json\/wp\/v2\/pages\/736\/revisions"}],"predecessor-version":[{"id":1340,"href":"https:\/\/ndtcpartners.com.vn\/vi\/wp-json\/wp\/v2\/pages\/736\/revisions\/1340"}],"wp:attachment":[{"href":"https:\/\/ndtcpartners.com.vn\/vi\/wp-json\/wp\/v2\/media?parent=736"}],"curies":[{"name":"wp","href":"https:\/\/api.w.org\/{rel}","templated":true}]}}