{"id":68,"date":"2018-12-04T06:39:12","date_gmt":"2018-12-04T06:39:12","guid":{"rendered":"http:\/\/210.245.26.105\/Test\/ndtc\/?page_id=68"},"modified":"2021-11-29T10:54:57","modified_gmt":"2021-11-29T10:54:57","slug":"client","status":"publish","type":"page","link":"https:\/\/ndtcpartners.com.vn\/vi\/client","title":{"rendered":"\u0110\u00f4\u0301i ta\u0301c"},"content":{"rendered":"<p><\/p>\n<div class=\"page-legal\">\n<div class=\"container-fluid\">\n<div class=\"row\">\n<div class=\"col-xs-12 col-xs-offset-0 col-sm-4 col-sm-offset-2 col-md-4 col-md-offset-2 content\">\n<div class=\"right\">\n<h2 class=\"font_2\">\u0110\u00d4\u0301I TA\u0301C CU\u0309A CHU\u0301NG T\u00d4I<\/h2>\n<div class=\"body font_9\">\n<p>V\u1edbi h\u01a1n hai m\u01b0\u01a1i n\u0103m trong ngh\u1ec1, c\u00e1c \u0111\u1ed1i t\u00e1c s\u00e1ng l\u1eadp c\u1ee7a c\u00f4ng ty \u0111\u00e3 cung c\u1ea5p d\u1ecbch v\u1ee5 cho m\u1ed9t s\u1ed1 l\u01b0\u1ee3ng l\u1edbn kh\u00e1ch h\u00e0ng bao g\u1ed3m c\u00e1c kh\u00e1ch h\u00e0ng t\u1eeb Fortune 500 v\u00e0 c\u00e1c c\u00f4ng ty qu\u1ed1c t\u1ebf kh\u00e1c, c\u00e1c nh\u00f3m nh\u00e0 \u0111\u1ea7u t\u01b0 v\u00e0 nh\u00f3m c\u00f4ng ty trong n\u01b0\u1edbc h\u00e0ng \u0111\u1ea7u, c\u00e1c c\u01a1 quan ch\u00ednh ph\u1ee7 v\u00e0 c\u00e1c t\u1ed5 ch\u1ee9c qu\u1ed1c t\u1ebf, trong \u0111\u00f3 c\u00f3 th\u1ec3 k\u1ec3 \u0111\u1ebfn nh\u1eefng t\u1ed5 ch\u1ee9c sau<\/p>\n<\/div>\n<\/div>\n<\/div>\n<div class=\"col-xs-12 col-sm-4 col-md-4\"><img decoding=\"async\" loading=\"lazy\" class=\"alignnone wp-image-395\" src=\"https:\/\/ndtcpartners.com.vn\/wp-content\/uploads\/2019\/09\/Cilents-1024x683.jpg\" alt=\"\" width=\"821\" height=\"547\" srcset=\"https:\/\/ndtcpartners.com.vn\/wp-content\/uploads\/2019\/09\/Cilents-1024x683.jpg 1024w, https:\/\/ndtcpartners.com.vn\/wp-content\/uploads\/2019\/09\/Cilents-300x200.jpg 300w, https:\/\/ndtcpartners.com.vn\/wp-content\/uploads\/2019\/09\/Cilents-768x512.jpg 768w, https:\/\/ndtcpartners.com.vn\/wp-content\/uploads\/2019\/09\/Cilents-1200x800.jpg 1200w\" sizes=\"(max-width: 821px) 100vw, 821px\" \/><\/div>\n<\/div>\n<\/div>\n<\/div>\n<section id=\"team\" style=\"margin-top: 50px;\">\n<div class=\"container\">\n<ul class=\"small-block-grid-3 large-block-grid-5\">\n<li>\n<div class=\"panel panel-default\">\n<div class=\"panel-body\"><img decoding=\"async\" loading=\"lazy\" class=\"alignnone wp-image-2188 size-full\" src=\"https:\/\/ndtcpartners.com.vn\/wp-content\/uploads\/2021\/11\/ilogo52.png\" alt=\"\" width=\"140\" height=\"56\" \/><\/div>\n<\/div>\n<\/li>\n<li>\n<div class=\"panel panel-default\">\n<div class=\"panel-body\"><img decoding=\"async\" loading=\"lazy\" class=\"alignnone wp-image-2189 size-full\" src=\"https:\/\/ndtcpartners.com.vn\/wp-content\/uploads\/2021\/11\/ilogo17.png\" alt=\"\" width=\"140\" height=\"56\" \/><\/div>\n<\/div>\n<\/li>\n<li>\n<div class=\"panel panel-default\">\n<div class=\"panel-body\"><img decoding=\"async\" loading=\"lazy\" class=\"alignnone wp-image-2187 size-full\" src=\"https:\/\/ndtcpartners.com.vn\/wp-content\/uploads\/2021\/11\/ilogo53.png\" alt=\"\" width=\"140\" height=\"56\" \/><\/div>\n<\/div>\n<\/li>\n<li>\n<div class=\"panel panel-default\">\n<div class=\"panel-body\"><img decoding=\"async\" loading=\"lazy\" class=\"alignnone wp-image-2186 size-full\" src=\"https:\/\/ndtcpartners.com.vn\/wp-content\/uploads\/2021\/11\/ilogo54.png\" alt=\"\" width=\"140\" height=\"56\" \/><\/div>\n<\/div>\n<\/li>\n<li>\n<div class=\"panel panel-default\">\n<div class=\"panel-body\"><img decoding=\"async\" loading=\"lazy\" class=\"alignnone wp-image-2185 size-full\" src=\"https:\/\/ndtcpartners.com.vn\/wp-content\/uploads\/2021\/11\/ilogo55.png\" alt=\"\" width=\"140\" height=\"56\" \/><\/div>\n<\/div>\n<\/li>\n<li>\n<div class=\"panel panel-default\">\n<div class=\"panel-body\"><img decoding=\"async\" loading=\"lazy\" class=\"alignnone wp-image-2184 size-full\" src=\"https:\/\/ndtcpartners.com.vn\/wp-content\/uploads\/2021\/11\/ilogo7.png\" alt=\"\" width=\"140\" height=\"56\" \/><\/div>\n<\/div>\n<\/li>\n<li>\n<div class=\"panel panel-default\">\n<div class=\"panel-body\"><img decoding=\"async\" loading=\"lazy\" class=\"alignnone wp-image-2183 size-full\" src=\"https:\/\/ndtcpartners.com.vn\/wp-content\/uploads\/2021\/11\/ilogo56.png\" alt=\"\" width=\"140\" height=\"56\" \/><\/div>\n<\/div>\n<\/li>\n<li>\n<div class=\"panel panel-default\">\n<div class=\"panel-body\"><img decoding=\"async\" loading=\"lazy\" class=\"alignnone wp-image-2182 size-full\" src=\"https:\/\/ndtcpartners.com.vn\/wp-content\/uploads\/2021\/11\/ilogo28.png\" alt=\"\" width=\"140\" height=\"56\" \/><\/div>\n<\/div>\n<\/li>\n<li>\n<div class=\"panel panel-default\">\n<div class=\"panel-body\"><img decoding=\"async\" loading=\"lazy\" class=\"alignnone wp-image-2181 size-full\" src=\"https:\/\/ndtcpartners.com.vn\/wp-content\/uploads\/2021\/11\/ilogo14.png\" alt=\"\" width=\"140\" height=\"56\" \/><\/div>\n<\/div>\n<\/li>\n<li>\n<div class=\"panel panel-default\">\n<div class=\"panel-body\"><img decoding=\"async\" loading=\"lazy\" class=\"alignnone wp-image-2180 size-full\" src=\"https:\/\/ndtcpartners.com.vn\/wp-content\/uploads\/2021\/11\/ilogo15.png\" alt=\"\" width=\"140\" height=\"56\" \/><\/div>\n<\/div>\n<\/li>\n<li>\n<div class=\"panel panel-default\">\n<div class=\"panel-body\"><img decoding=\"async\" loading=\"lazy\" class=\"alignnone wp-image-2179 size-full\" src=\"https:\/\/ndtcpartners.com.vn\/wp-content\/uploads\/2021\/11\/ilogo19.png\" alt=\"\" width=\"140\" height=\"56\" \/><\/div>\n<\/div>\n<\/li>\n<li>\n<div class=\"panel panel-default\">\n<div class=\"panel-body\"><img decoding=\"async\" loading=\"lazy\" class=\"alignnone wp-image-2178 size-full\" src=\"https:\/\/ndtcpartners.com.vn\/wp-content\/uploads\/2021\/11\/ilogo13.png\" alt=\"\" width=\"140\" height=\"56\" \/><\/div>\n<\/div>\n<\/li>\n<li>\n<div class=\"panel panel-default\">\n<div class=\"panel-body\"><img decoding=\"async\" loading=\"lazy\" class=\"alignnone wp-image-2177 size-full\" src=\"https:\/\/ndtcpartners.com.vn\/wp-content\/uploads\/2021\/11\/ilogo10.png\" alt=\"\" width=\"140\" height=\"56\" \/><\/div>\n<\/div>\n<\/li>\n<li>\n<div class=\"panel panel-default\">\n<div class=\"panel-body\"><img decoding=\"async\" loading=\"lazy\" class=\"alignnone wp-image-2176 size-full\" src=\"https:\/\/ndtcpartners.com.vn\/wp-content\/uploads\/2021\/11\/ilogo11.png\" alt=\"\" width=\"140\" height=\"56\" \/><\/div>\n<\/div>\n<\/li>\n<li>\n<div class=\"panel panel-default\">\n<div class=\"panel-body\"><img decoding=\"async\" loading=\"lazy\" class=\"alignnone wp-image-2175 size-full\" src=\"https:\/\/ndtcpartners.com.vn\/wp-content\/uploads\/2021\/11\/ilogo8.png\" alt=\"\" width=\"140\" height=\"56\" \/><\/div>\n<\/div>\n<\/li>\n<li>\n<div class=\"panel panel-default\">\n<div class=\"panel-body\"><img decoding=\"async\" loading=\"lazy\" class=\"alignnone size-full wp-image-309\" src=\"https:\/\/ndtcpartners.com.vn\/wp-content\/uploads\/2021\/11\/logo__31.png\" alt=\"\" width=\"160\" height=\"120\" \/><\/div>\n<\/div>\n<\/li>\n<li>\n<div class=\"panel panel-default\">\n<div class=\"panel-body\"><img decoding=\"async\" loading=\"lazy\" class=\"alignnone wp-image-2174 size-full\" src=\"https:\/\/ndtcpartners.com.vn\/wp-content\/uploads\/2021\/11\/ilogo9.png\" alt=\"\" width=\"140\" height=\"56\" \/><\/div>\n<\/div>\n<\/li>\n<li>\n<div class=\"panel-body\"><img decoding=\"async\" loading=\"lazy\" class=\"alignnone wp-image-2196 size-full\" src=\"https:\/\/ndtcpartners.com.vn\/wp-content\/uploads\/2021\/11\/logo21.png\" alt=\"\" width=\"140\" height=\"56\" \/><\/div>\n<\/li>\n<li>\n<div class=\"panel panel-default\">\n<div class=\"panel-body\"><img decoding=\"async\" loading=\"lazy\" class=\"alignnone wp-image-2173 size-full\" src=\"https:\/\/ndtcpartners.com.vn\/wp-content\/uploads\/2021\/11\/ilogo20.png\" alt=\"\" width=\"140\" height=\"56\" \/><\/div>\n<\/div>\n<\/li>\n<li>\n<div class=\"panel panel-default\">\n<div class=\"panel-body\"><img decoding=\"async\" loading=\"lazy\" class=\"alignnone wp-image-2171 size-full\" src=\"https:\/\/ndtcpartners.com.vn\/wp-content\/uploads\/2021\/11\/ilogo57.png\" alt=\"\" width=\"140\" height=\"56\" \/><\/div>\n<\/div>\n<\/li>\n<li>\n<div class=\"panel panel-default\">\n<div class=\"panel-body\"><img decoding=\"async\" loading=\"lazy\" class=\"alignnone size-full wp-image-295\" src=\"https:\/\/ndtcpartners.com.vn\/wp-content\/uploads\/2021\/11\/logo_35.png\" alt=\"\" width=\"160\" height=\"120\" \/><\/div>\n<\/div>\n<\/li>\n<li>\n<div class=\"panel panel-default\">\n<div class=\"panel-body\"><img decoding=\"async\" loading=\"lazy\" class=\"alignnone size-full wp-image-295\" src=\"https:\/\/ndtcpartners.com.vn\/wp-content\/uploads\/2021\/11\/logo_39.png\" alt=\"\" width=\"160\" height=\"120\" \/><\/div>\n<\/div>\n<\/li>\n<li>\n<div class=\"panel panel-default\">\n<div class=\"panel-body\"><img decoding=\"async\" loading=\"lazy\" class=\"alignnone size-full wp-image-295\" src=\"https:\/\/ndtcpartners.com.vn\/wp-content\/uploads\/2021\/11\/logo_41.png\" alt=\"\" width=\"160\" height=\"120\" \/><\/div>\n<\/div>\n<\/li>\n<li>\n<div class=\"panel panel-default\">\n<div class=\"panel-body\"><img decoding=\"async\" loading=\"lazy\" class=\"alignnone size-full wp-image-295\" src=\"https:\/\/ndtcpartners.com.vn\/wp-content\/uploads\/2021\/11\/logo_42.png\" alt=\"\" width=\"160\" height=\"120\" \/><\/div>\n<\/div>\n<\/li>\n<li>\n<div class=\"panel panel-default\">\n<div class=\"panel-body\"><img decoding=\"async\" loading=\"lazy\" class=\"alignnone size-full wp-image-295\" src=\"https:\/\/ndtcpartners.com.vn\/wp-content\/uploads\/2021\/11\/logo_46.png\" alt=\"\" width=\"160\" height=\"120\" \/><\/div>\n<\/div>\n<\/li>\n<\/ul>\n<\/div>\n<\/section>\n<p><\/p>","protected":false},"excerpt":{"rendered":"<p>\u0110\u00d4\u0301I TA\u0301C CU\u0309A CHU\u0301NG T\u00d4I V\u1edbi h\u01a1n hai m\u01b0\u01a1i n\u0103m trong ngh\u1ec1, c\u00e1c \u0111\u1ed1i t\u00e1c s\u00e1ng l\u1eadp c\u1ee7a c\u00f4ng ty \u0111\u00e3 cung c\u1ea5p d\u1ecbch v\u1ee5 cho m\u1ed9t s\u1ed1 l\u01b0\u1ee3ng l\u1edbn kh\u00e1ch h\u00e0ng bao g\u1ed3m c\u00e1c kh\u00e1ch h\u00e0ng t\u1eeb Fortune 500 v\u00e0 c\u00e1c c\u00f4ng ty qu\u1ed1c t\u1ebf kh\u00e1c, c\u00e1c nh\u00f3m nh\u00e0 \u0111\u1ea7u t\u01b0 v\u00e0 nh\u00f3m c\u00f4ng [&hellip;]<\/p>\n","protected":false},"author":1,"featured_media":0,"parent":0,"menu_order":0,"comment_status":"closed","ping_status":"closed","template":"page-client_list.php","meta":[],"_links":{"self":[{"href":"https:\/\/ndtcpartners.com.vn\/vi\/wp-json\/wp\/v2\/pages\/68"}],"collection":[{"href":"https:\/\/ndtcpartners.com.vn\/vi\/wp-json\/wp\/v2\/pages"}],"about":[{"href":"https:\/\/ndtcpartners.com.vn\/vi\/wp-json\/wp\/v2\/types\/page"}],"author":[{"embeddable":true,"href":"https:\/\/ndtcpartners.com.vn\/vi\/wp-json\/wp\/v2\/users\/1"}],"replies":[{"embeddable":true,"href":"https:\/\/ndtcpartners.com.vn\/vi\/wp-json\/wp\/v2\/comments?post=68"}],"version-history":[{"count":33,"href":"https:\/\/ndtcpartners.com.vn\/vi\/wp-json\/wp\/v2\/pages\/68\/revisions"}],"predecessor-version":[{"id":2202,"href":"https:\/\/ndtcpartners.com.vn\/vi\/wp-json\/wp\/v2\/pages\/68\/revisions\/2202"}],"wp:attachment":[{"href":"https:\/\/ndtcpartners.com.vn\/vi\/wp-json\/wp\/v2\/media?parent=68"}],"curies":[{"name":"wp","href":"https:\/\/api.w.org\/{rel}","templated":true}]}}