{"id":60,"date":"2018-12-04T06:38:29","date_gmt":"2018-12-04T06:38:29","guid":{"rendered":"http:\/\/210.245.26.105\/Test\/ndtc\/?page_id=60"},"modified":"2021-02-02T10:33:23","modified_gmt":"2021-02-02T10:33:23","slug":"newsletter","status":"publish","type":"page","link":"https:\/\/ndtcpartners.com.vn\/vi\/newsletter","title":{"rendered":"Newsletter"},"content":{"rendered":"<p><\/p>\n<div class=\"page-legal\">\n<div class=\"container-fluid\">\n<div class=\"row\">\n<div class=\"col-xs-12 col-xs-offset-0 col-sm-4 col-sm-offset-2 col-md-4 col-md-offset-2 content\">\n<div class=\"right\">\n<h2 class=\"font_2\">NEWSLETTERS<\/h2>\n<div class=\"body font_9\">\n<p>V\u1edbi nhi\u1ec1u n\u0103m kinh nghi\u1ec7m, ch\u00fang t\u00f4i c\u00f3 \u0111\u1ee7 kh\u1ea3 n\u0103ng v\u00e0 chuy\u00ean m\u00f4n \u0111\u1ec3 \u0111\u01b0a doanh nghi\u1ec7p c\u1ee7a b\u1ea1n l\u00ean m\u1ed9t t\u1ea7m cao m\u1edbi. T\u1ea1i NDTC &amp; Partners, ch\u00fang t\u00f4i k\u1ebft h\u1ee3p nh\u1eefng hi\u1ec3u bi\u1ebft v\u00e0 k\u1ef9 n\u0103ng c\u1ee7a m\u00ecnh \u0111\u1ec3 n\u00e2ng c\u1ea5p c\u00e1c quy tr\u00ecnh v\u00e0 chi\u1ebfn l\u01b0\u1ee3c c\u1ee7a qu\u00fd kh\u00e1ch h\u00e0ng c\u0169ng nh\u01b0 c\u00f4ng ty c\u1ee7a h\u1ecd. Ch\u00fang t\u00f4i t\u1ef1 h\u00e0o gi\u00fap g\u00f3p ph\u1ea7n h\u00ecnh th\u00e0nh v\u00e0 c\u1ea3i thi\u1ec7n c\u00e1ch kh\u00e1ch h\u00e0ng c\u1ea5u tr\u00fac v\u00e0 qu\u1ea3n l\u00fd doanh nghi\u1ec7p c\u1ee7a h\u1ecd.<\/p>\n<\/div>\n<\/div>\n<\/div>\n<div class=\"col-xs-12 col-sm-4 col-md-4\"><img decoding=\"async\" loading=\"lazy\" class=\"alignnone wp-image-391\" src=\"https:\/\/ndtcpartners.com.vn\/wp-content\/uploads\/2019\/09\/Newsletter-683x1024.jpg\" alt=\"\" width=\"329\" height=\"493\" srcset=\"https:\/\/ndtcpartners.com.vn\/wp-content\/uploads\/2019\/09\/Newsletter-683x1024.jpg 683w, https:\/\/ndtcpartners.com.vn\/wp-content\/uploads\/2019\/09\/Newsletter-200x300.jpg 200w, https:\/\/ndtcpartners.com.vn\/wp-content\/uploads\/2019\/09\/Newsletter-768x1152.jpg 768w, https:\/\/ndtcpartners.com.vn\/wp-content\/uploads\/2019\/09\/Newsletter-1200x1800.jpg 1200w\" sizes=\"(max-width: 329px) 100vw, 329px\" \/><\/div>\n<\/div>\n<\/div>\n<\/div>\n<p><!--\n\n\n<div class=\"column-content-preview \">\n\n\n<div class=\"container\">\n\n\n<div class=\"row\">\n\n\n<div class=\"col-xs-12\">\n\n\n<div class=\"column-content-preview__title\">Monthly Newsletter<\/div>\n\n\n<\/div>\n\n\n<\/div>\n\n\n\n\n<div class=\"row container-items\">\n\n\n<div class=\"col-sm-3 col-md-3 col-xs-12 column-content-preview__list__item\">\n\n\n<div class=\"column-content-preview__list__item__category-date\"><\/div>\n\n\n\n\n<div class=\"column-content-preview__list__item__image animation-image-scale animation-link-underline\">\n\n\n<div class=\"animation-image-wrapper\"><img decoding=\"async\" class=\" lazyloaded\" src=\"https:\/\/ndtcpartners.com.vn\/wp-content\/uploads\/2020\/08\/Newsletter-July-2020-1.jpg\" alt=\"Monthly Newsletter April 2018 - EN\" \/><\/div>\n\n\n\n\n<div class=\"column-content-preview__list__item__title \">\n\n\n<div class=\"animation-link-underline\">\n\n\n<p class=\"animation-link\"><a href=\"https:\/\/ndtcpartners.com.vn\/wp-content\/uploads\/2020\/08\/Newsletter-July-2020-1.pdf\" target=\"_blank\" rel=\"noopener\">Legal Update July 2020<\/a><\/p>\n\n\n\n<\/div>\n\n\n<\/div>\n\n\n&nbsp;\n\n<\/div>\n\n\n\n\n<div class=\"column-content-preview__list__item__content\"><\/div>\n\n\n<\/div>\n\n\n\n\n<div class=\"col-sm-3 col-md-3 col-xs-12 column-content-preview__list__item\">\n\n\n<div class=\"column-content-preview__list__item__category-date\"><\/div>\n\n\n\n\n<div class=\"column-content-preview__list__item__image animation-image-scale animation-link-underline\">\n\n\n<div class=\"animation-image-wrapper\"><img decoding=\"async\" class=\" lazyloaded\" src=\"https:\/\/ndtcpartners.com.vn\/wp-content\/uploads\/2020\/06\/Legal-Alert-June-2020-1.jpg\" alt=\"Monthly Newsletter April 2018 - EN\" \/><\/div>\n\n\n\n\n<div class=\"column-content-preview__list__item__title \">\n\n\n<div class=\"animation-link-underline\">\n\n\n<p class=\"animation-link\"><a href=\"https:\/\/ndtcpartners.com.vn\/wp-content\/uploads\/2020\/06\/Legal-Alert-June-2020-2.pdf\" target=\"_blank\" rel=\"noopener\">Legal Alert June 2020<\/a><\/p>\n\n\n\n<\/div>\n\n\n<\/div>\n\n\n&nbsp;\n\n<\/div>\n\n\n\n\n<div class=\"column-content-preview__list__item__content\"><\/div>\n\n\n<\/div>\n\n\n\n\n<div class=\"col-sm-3 col-md-3 col-xs-12 column-content-preview__list__item\">\n\n\n<div class=\"column-content-preview__list__item__category-date\"><\/div>\n\n\n\n\n<div class=\"column-content-preview__list__item__image animation-image-scale animation-link-underline\">\n\n\n<div class=\"animation-image-wrapper\"><img decoding=\"async\" class=\" lazyloaded\" src=\"https:\/\/ndtcpartners.com.vn\/wp-content\/uploads\/2020\/06\/Newsletter-June-2020-1.jpg\" alt=\"Monthly Newsletter April 2018 - EN\" \/><\/div>\n\n\n\n\n<div class=\"column-content-preview__list__item__title \">\n\n\n<div class=\"animation-link-underline\">\n\n\n<p class=\"animation-link\"><a href=\"https:\/\/ndtcpartners.com.vn\/wp-content\/uploads\/2020\/06\/Newsletter-June-2020-1.pdf\" target=\"_blank\" rel=\"noopener\">Legal Alert June 2020<\/a><\/p>\n\n\n\n<\/div>\n\n\n<\/div>\n\n\n&nbsp;\n\n<\/div>\n\n\n\n\n<div class=\"column-content-preview__list__item__content\"><\/div>\n\n\n<\/div>\n\n\n\n\n<div class=\"col-sm-3 col-md-3 col-xs-12 column-content-preview__list__item\">\n\n\n<div class=\"column-content-preview__list__item__category-date\"><\/div>\n\n\n\n\n<div class=\"column-content-preview__list__item__image animation-image-scale animation-link-underline\">\n\n\n<div class=\"animation-image-wrapper\"><img decoding=\"async\" class=\" lazyloaded\" src=\"https:\/\/ndtcpartners.com.vn\/wp-content\/uploads\/2020\/06\/Newsletter-June-2020.jpg\" alt=\"Monthly Newsletter April 2018 - EN\" \/><\/div>\n\n\n\n\n<div class=\"column-content-preview__list__item__title \">\n\n\n<div class=\"animation-link-underline\">\n\n\n<p class=\"animation-link\"><a href=\"https:\/\/ndtcpartners.com.vn\/wp-content\/uploads\/2020\/06\/Newsletter-June-2020.pdf\" target=\"_blank\" rel=\"noopener\">Legal Update June 2020<\/a><\/p>\n\n\n\n<\/div>\n\n\n<\/div>\n\n\n&nbsp;\n\n<\/div>\n\n\n\n\n<div class=\"column-content-preview__list__item__content\"><\/div>\n\n\n<\/div>\n\n\n\n\n<div class=\"col-sm-3 col-md-3 col-xs-12 column-content-preview__list__item\">\n\n\n<div class=\"column-content-preview__list__item__category-date\"><\/div>\n\n\n\n\n<div class=\"column-content-preview__list__item__image animation-image-scale animation-link-underline\">\n\n\n<div class=\"animation-image-wrapper\"><img decoding=\"async\" class=\" lazyloaded\" src=\"https:\/\/ndtcpartners.com.vn\/wp-content\/uploads\/2020\/05\/Newsletter-May-2020.png\" alt=\"Monthly Newsletter April 2018 - EN\" \/><\/div>\n\n\n\n\n<div class=\"column-content-preview__list__item__title \">\n\n\n<div class=\"animation-link-underline\">\n\n\n<p class=\"animation-link\"><a href=\"https:\/\/ndtcpartners.com.vn\/wp-content\/uploads\/2020\/05\/Newsletter-May-2020.pdf\" target=\"_blank\" rel=\"noopener\">Legal Update May 2020<\/a><\/p>\n\n\n\n<\/div>\n\n\n<\/div>\n\n\n&nbsp;\n\n<\/div>\n\n\n\n\n<div class=\"column-content-preview__list__item__content\"><\/div>\n\n\n<\/div>\n\n\n\n\n<div class=\"col-sm-3 col-md-3 col-xs-12 column-content-preview__list__item\">\n\n\n<div class=\"column-content-preview__list__item__category-date\"><\/div>\n\n\n\n\n<div class=\"column-content-preview__list__item__image animation-image-scale animation-link-underline\">\n\n\n<div class=\"animation-image-wrapper\"><img decoding=\"async\" class=\" lazyloaded\" src=\"https:\/\/ndtcpartners.com.vn\/wp-content\/uploads\/2020\/04\/92816892_1141542216191761_4629966898182750208_n.png\" alt=\"Monthly Newsletter April 2018 - EN\" \/><\/div>\n\n\n\n\n<div class=\"column-content-preview__list__item__title \">\n\n\n<div class=\"animation-link-underline\">\n\n\n<p class=\"animation-link\"><a href=\"https:\/\/ndtcpartners.com.vn\/wp-content\/uploads\/2020\/04\/Newsletter-Apr-2020.pdf\" target=\"_blank\" rel=\"noopener\">Legal Update Apr 2020<\/a><\/p>\n\n\n\n<\/div>\n\n\n<\/div>\n\n\n&nbsp;\n\n<\/div>\n\n\n\n\n<div class=\"column-content-preview__list__item__content\"><\/div>\n\n\n<\/div>\n\n\n\n\n<div class=\"col-sm-3 col-md-3 col-xs-12 column-content-preview__list__item\">\n\n\n<div class=\"column-content-preview__list__item__category-date\"><\/div>\n\n\n\n\n<div class=\"column-content-preview__list__item__image animation-image-scale animation-link-underline\">\n\n\n<div class=\"animation-image-wrapper\"><img decoding=\"async\" class=\" lazyloaded\" src=\"https:\/\/ndtcpartners.com.vn\/wp-content\/uploads\/2020\/04\/0411-Legal-Alert-Apr-2020.png\" alt=\"Monthly Newsletter April 2020 - EN\" \/><\/div>\n\n\n\n\n<div class=\"column-content-preview__list__item__title \">\n\n\n<div class=\"animation-link-underline\">\n\n\n<p class=\"animation-link\"><a href=\"https:\/\/ndtcpartners.com.vn\/wp-content\/uploads\/2020\/04\/0411-Legal-Alert-Apr-2020.pdf\" target=\"_blank\" rel=\"noopener\">Legal Alert 10 Apr 2020<\/a><\/p>\n\n\n\n<\/div>\n\n\n<\/div>\n\n\n&nbsp;\n\n<\/div>\n\n\n\n\n<div class=\"column-content-preview__list__item__content\"><\/div>\n\n\n<\/div>\n\n\n\n\n<div class=\"col-sm-3 col-md-3 col-xs-12 column-content-preview__list__item\">\n\n\n<div class=\"column-content-preview__list__item__category-date\"><\/div>\n\n\n\n\n<div class=\"column-content-preview__list__item__image animation-image-scale animation-link-underline\">\n\n\n<div class=\"animation-image-wrapper\"><img decoding=\"async\" class=\" lazyloaded\" src=\"https:\/\/ndtcpartners.com.vn\/wp-content\/uploads\/2020\/04\/Legal-Alert-Apr-2020.png\" alt=\"Monthly Newsletter April 2020 - EN\" \/><\/div>\n\n\n\n\n<div class=\"column-content-preview__list__item__title \">\n\n\n<div class=\"animation-link-underline\">\n\n\n<p class=\"animation-link\"><a href=\"https:\/\/ndtcpartners.com.vn\/wp-content\/uploads\/2020\/04\/20200407_Legal-Alert-Apr-2020_Decision-13.pdf\" target=\"_blank\" rel=\"noopener\">Legal Alert 7 Apr 2020<\/a><\/p>\n\n\n\n<\/div>\n\n\n<\/div>\n\n\n&nbsp;\n\n<\/div>\n\n\n\n\n<div class=\"column-content-preview__list__item__content\"><\/div>\n\n\n<\/div>\n\n\n\n\n<div class=\"col-sm-3 col-md-3 col-xs-12 column-content-preview__list__item\">\n\n\n<div class=\"column-content-preview__list__item__category-date\"><\/div>\n\n\n\n\n<div class=\"column-content-preview__list__item__image animation-image-scale animation-link-underline\">\n\n\n<div class=\"animation-image-wrapper\"><img decoding=\"async\" class=\" lazyloaded\" src=\"https:\/\/ndtcpartners.com.vn\/wp-content\/uploads\/2020\/04\/Cover-Newsletter-Mar-2020.png\" alt=\"Legal-Alert\" \/><\/div>\n\n\n\n\n<div class=\"column-content-preview__list__item__title \">\n\n\n<div class=\"animation-link-underline\">\n\n\n<p class=\"animation-link\"><a href=\"https:\/\/ndtcpartners.com.vn\/wp-content\/uploads\/2020\/04\/Newsletter-Mar-2020-updated.pdf\" target=\"_blank\" rel=\"noopener\">Legal Update Mar 2020<\/a><\/p>\n\n\n\n<\/div>\n\n\n<\/div>\n\n\n&nbsp;\n\n<\/div>\n\n\n\n\n<div class=\"column-content-preview__list__item__content\"><\/div>\n\n\n<\/div>\n\n\n\n\n<div class=\"col-sm-3 col-md-3 col-xs-12 column-content-preview__list__item\">\n\n\n<div class=\"column-content-preview__list__item__category-date\"><\/div>\n\n\n\n\n<div class=\"column-content-preview__list__item__image animation-image-scale animation-link-underline\">\n\n\n<div class=\"animation-image-wrapper\"><img decoding=\"async\" class=\" lazyloaded\" src=\"https:\/\/ndtcpartners.com.vn\/wp-content\/uploads\/2020\/03\/Legal-Alert-March-2020.png\" alt=\"Legal-Alert\" \/><\/div>\n\n\n\n\n<div class=\"column-content-preview__list__item__title \">\n\n\n<div class=\"animation-link-underline\">\n\n\n<p class=\"animation-link\"><a href=\"https:\/\/ndtcpartners.com.vn\/wp-content\/uploads\/2020\/03\/Legal-Alert-March-2020.pdf\" target=\"_blank\" rel=\"noopener\">Legal Alert Mar 2020<\/a><\/p>\n\n\n\n<\/div>\n\n\n<\/div>\n\n\n&nbsp;\n\n<\/div>\n\n\n\n\n<div class=\"column-content-preview__list__item__content\"><\/div>\n\n\n<\/div>\n\n\n\n\n<div class=\"col-sm-3 col-md-3 col-xs-12 column-content-preview__list__item\">\n\n\n<div class=\"column-content-preview__list__item__category-date\"><\/div>\n\n\n\n\n<div class=\"column-content-preview__list__item__image animation-image-scale animation-link-underline\">\n\n\n<div class=\"animation-image-wrapper\"><img decoding=\"async\" class=\" lazyloaded\" src=\"https:\/\/ndtcpartners.com.vn\/wp-content\/uploads\/2020\/03\/Legal-Alert.png\" alt=\"Legal-Alert\" \/><\/div>\n\n\n\n\n<div class=\"column-content-preview__list__item__title \">\n\n\n<div class=\"animation-link-underline\">\n\n\n<p class=\"animation-link\"><a href=\"https:\/\/ndtcpartners.com.vn\/wp-content\/uploads\/2020\/03\/Legal-Alert.pdf\" target=\"_blank\" rel=\"noopener\">Legal Alert Feb 2020<\/a><\/p>\n\n\n\n<\/div>\n\n\n<\/div>\n\n\n&nbsp;\n\n<\/div>\n\n\n\n\n<div class=\"column-content-preview__list__item__content\"><\/div>\n\n\n<\/div>\n\n\n\n\n<div class=\"col-sm-3 col-md-3 col-xs-12 column-content-preview__list__item\">\n\n\n<div class=\"column-content-preview__list__item__category-date\"><\/div>\n\n\n\n\n<div class=\"column-content-preview__list__item__image animation-image-scale animation-link-underline\">\n\n\n<div class=\"animation-image-wrapper\"><img decoding=\"async\" class=\" lazyloaded\" src=\"https:\/\/ndtcpartners.com.vn\/wp-content\/uploads\/2020\/04\/Newsletter-Feb.-2020-1_page-0001.jpg\" alt=\"Newsletter Feb 2020\" \/><\/div>\n\n\n\n\n<div class=\"column-content-preview__list__item__title \">\n\n\n<div class=\"animation-link-underline\">\n\n\n<p class=\"animation-link\"><a href=\"https:\/\/ndtcpartners.com.vn\/wp-content\/uploads\/2020\/04\/Newslette-Feb-2020.pdf\" target=\"_blank\" rel=\"noopener\">Legal Update Feb 2020<\/a><\/p>\n\n\n\n<\/div>\n\n\n<\/div>\n\n\n&nbsp;\n\n<\/div>\n\n\n\n\n<div class=\"column-content-preview__list__item__content\"><\/div>\n\n\n<\/div>\n\n\n\n\n<div class=\"col-sm-3 col-md-3 col-xs-12 column-content-preview__list__item\">\n\n\n<div class=\"column-content-preview__list__item__category-date\"><\/div>\n\n\n\n\n<div class=\"column-content-preview__list__item__image animation-image-scale animation-link-underline\">\n\n\n<div class=\"animation-image-wrapper\"><img decoding=\"async\" class=\" lazyloaded\" src=\"https:\/\/ndtcpartners.com.vn\/wp-content\/uploads\/2020\/04\/newsletter-march-2019-1_page-0001.jpg\" alt=\"Newsletter March 2019 - EN\" \/><\/div>\n\n\n\n\n<div class=\"column-content-preview__list__item__title \">\n\n\n<div class=\"animation-link-underline\">\n\n\n<p class=\"animation-link\"><a href=\"https:\/\/ndtcpartners.com.vn\/wp-content\/uploads\/2019\/08\/newsletter-march-2019.pdf\" target=\"_blank\" rel=\"noopener\">Legal Update Mar 2019<\/a><\/p>\n\n\n\n<\/div>\n\n\n<\/div>\n\n\n&nbsp;\n\n<\/div>\n\n\n\n\n<div class=\"column-content-preview__list__item__content\"><\/div>\n\n\n<\/div>\n\n\n\n\n<div class=\"col-sm-3 col-md-3 col-xs-12 column-content-preview__list__item\">\n\n\n<div class=\"column-content-preview__list__item__category-date\"><\/div>\n\n\n\n\n<div class=\"column-content-preview__list__item__image animation-image-scale animation-link-underline\">\n\n\n<div class=\"animation-image-wrapper\"><img decoding=\"async\" class=\" lazyloaded\" src=\"https:\/\/ndtcpartners.com.vn\/wp-content\/uploads\/2020\/04\/Newsletter_-February-2019-1_page-0001.jpg\" alt=\"Newsletter February 2019 - EN\" \/><\/div>\n\n\n\n\n<div class=\"column-content-preview__list__item__title \">\n\n\n<div class=\"animation-link-underline\">\n\n\n<p class=\"animation-link\"><a href=\"https:\/\/ndtcpartners.com.vn\/wp-content\/uploads\/2019\/08\/Newsletter_-February-2019.pdf\" target=\"_blank\" rel=\"noopener\">Legal Update Feb 2019<\/a><\/p>\n\n\n\n<\/div>\n\n\n<\/div>\n\n\n&nbsp;\n\n<\/div>\n\n\n\n\n<div class=\"column-content-preview__list__item__content\"><\/div>\n\n\n<\/div>\n\n\n\n\n<div class=\"col-sm-3 col-md-3 col-xs-12 column-content-preview__list__item\">\n\n\n<div class=\"column-content-preview__list__item__category-date\"><\/div>\n\n\n\n\n<div class=\"column-content-preview__list__item__image animation-image-scale animation-link-underline\">\n\n\n<div class=\"animation-image-wrapper\"><img decoding=\"async\" class=\" lazyloaded\" src=\"https:\/\/ndtcpartners.com.vn\/wp-content\/uploads\/2020\/04\/newsletter-january-2019-1_page-0001.jpg\" alt=\"Newsletter January 2019 - EN\" \/><\/div>\n\n\n\n\n<div class=\"column-content-preview__list__item__title \">\n\n\n<div class=\"animation-link-underline\">\n\n\n<p class=\"animation-link\"><a href=\"https:\/\/ndtcpartners.com.vn\/wp-content\/uploads\/2019\/08\/newsletter-january-2019.pdf\" target=\"_blank\" rel=\"noopener\">Legal Update Jan 2019<\/a><\/p>\n\n\n\n<\/div>\n\n\n<\/div>\n\n\n&nbsp;\n\n<\/div>\n\n\n\n\n<div class=\"column-content-preview__list__item__content\"><\/div>\n\n\n<\/div>\n\n\n\n\n<div class=\"col-sm-3 col-md-3 col-xs-12 column-content-preview__list__item\">\n\n\n<div class=\"column-content-preview__list__item__category-date\"><\/div>\n\n\n\n\n<div class=\"column-content-preview__list__item__image animation-image-scale animation-link-underline\">\n\n\n<div class=\"animation-image-wrapper\"><img decoding=\"async\" class=\" lazyloaded\" src=\"https:\/\/ndtcpartners.com.vn\/wp-content\/uploads\/2020\/04\/newsletter-december-2018-1_page-0001.jpg\" alt=\"Newsletter December 2018 - EN\" \/><\/div>\n\n\n\n\n<div class=\"column-content-preview__list__item__title \">\n\n\n<div class=\"animation-link-underline\">\n\n\n<p class=\"animation-link\"><a href=\"https:\/\/ndtcpartners.com.vn\/wp-content\/uploads\/2019\/08\/newsletter-december-2018.pdf\" target=\"_blank\" rel=\"noopener\">Legal Update Dec 2018<\/a><\/p>\n\n\n\n<\/div>\n\n\n<\/div>\n\n\n&nbsp;\n\n<\/div>\n\n\n\n\n<div class=\"column-content-preview__list__item__content\"><\/div>\n\n\n<\/div>\n\n\n\n\n<div class=\"col-sm-3 col-md-3 col-xs-12 column-content-preview__list__item\">\n\n\n<div class=\"column-content-preview__list__item__category-date\"><\/div>\n\n\n\n\n<div class=\"column-content-preview__list__item__image animation-image-scale animation-link-underline\">\n\n\n<div class=\"animation-image-wrapper\"><img decoding=\"async\" class=\" lazyloaded\" src=\"https:\/\/ndtcpartners.com.vn\/wp-content\/uploads\/2020\/04\/newsletter-november-2018-1_page-0001.jpg\" alt=\"Newsletter November 2018 - EN\" \/><\/div>\n\n\n\n\n<div class=\"column-content-preview__list__item__title \">\n\n\n<div class=\"animation-link-underline\">\n\n\n<p class=\"animation-link\"><a href=\"https:\/\/ndtcpartners.com.vn\/wp-content\/uploads\/2019\/08\/newsletter-november-2018.pdf\" target=\"_blank\" rel=\"noopener\">Legal Update Nov 2018<\/a><\/p>\n\n\n\n<\/div>\n\n\n<\/div>\n\n\n&nbsp;\n\n<\/div>\n\n\n\n\n<div class=\"column-content-preview__list__item__content\"><\/div>\n\n\n<\/div>\n\n\n<\/div>\n\n\n<\/div>\n\n\n--><\/p>","protected":false},"excerpt":{"rendered":"<p>NEWSLETTERS V\u1edbi nhi\u1ec1u n\u0103m kinh nghi\u1ec7m, ch\u00fang t\u00f4i c\u00f3 \u0111\u1ee7 kh\u1ea3 n\u0103ng v\u00e0 chuy\u00ean m\u00f4n \u0111\u1ec3 \u0111\u01b0a doanh nghi\u1ec7p c\u1ee7a b\u1ea1n l\u00ean m\u1ed9t t\u1ea7m cao m\u1edbi. T\u1ea1i NDTC &amp; Partners, ch\u00fang t\u00f4i k\u1ebft h\u1ee3p nh\u1eefng hi\u1ec3u bi\u1ebft v\u00e0 k\u1ef9 n\u0103ng c\u1ee7a m\u00ecnh \u0111\u1ec3 n\u00e2ng c\u1ea5p c\u00e1c quy tr\u00ecnh v\u00e0 chi\u1ebfn l\u01b0\u1ee3c c\u1ee7a qu\u00fd kh\u00e1ch h\u00e0ng [&hellip;]<\/p>\n","protected":false},"author":1,"featured_media":1550,"parent":0,"menu_order":0,"comment_status":"closed","ping_status":"closed","template":"page-newsletter.php","meta":[],"_links":{"self":[{"href":"https:\/\/ndtcpartners.com.vn\/vi\/wp-json\/wp\/v2\/pages\/60"}],"collection":[{"href":"https:\/\/ndtcpartners.com.vn\/vi\/wp-json\/wp\/v2\/pages"}],"about":[{"href":"https:\/\/ndtcpartners.com.vn\/vi\/wp-json\/wp\/v2\/types\/page"}],"author":[{"embeddable":true,"href":"https:\/\/ndtcpartners.com.vn\/vi\/wp-json\/wp\/v2\/users\/1"}],"replies":[{"embeddable":true,"href":"https:\/\/ndtcpartners.com.vn\/vi\/wp-json\/wp\/v2\/comments?post=60"}],"version-history":[{"count":264,"href":"https:\/\/ndtcpartners.com.vn\/vi\/wp-json\/wp\/v2\/pages\/60\/revisions"}],"predecessor-version":[{"id":1645,"href":"https:\/\/ndtcpartners.com.vn\/vi\/wp-json\/wp\/v2\/pages\/60\/revisions\/1645"}],"wp:featuredmedia":[{"embeddable":true,"href":"https:\/\/ndtcpartners.com.vn\/vi\/wp-json\/wp\/v2\/media\/1550"}],"wp:attachment":[{"href":"https:\/\/ndtcpartners.com.vn\/vi\/wp-json\/wp\/v2\/media?parent=60"}],"curies":[{"name":"wp","href":"https:\/\/api.w.org\/{rel}","templated":true}]}}