{"id":58,"date":"2018-12-04T06:38:21","date_gmt":"2018-12-04T06:38:21","guid":{"rendered":"http:\/\/210.245.26.105\/Test\/ndtc\/?page_id=58"},"modified":"2020-08-14T06:17:48","modified_gmt":"2020-08-14T06:17:48","slug":"market-insights","status":"publish","type":"page","link":"https:\/\/ndtcpartners.com.vn\/vi\/market-insights","title":{"rendered":"To\u0301m t\u0103\u0301t T\u00f4\u0309ng quan Thi\u0323 tr\u01b0\u01a1\u0300ng"},"content":{"rendered":"<p><\/p>\n<div class=\"row\">\n<div class=\"col-xs-12 col-xs-offset-0 col-sm-4 col-sm-offset-2 col-md-4 col-md-offset-2 content\">\n<div class=\"right\">\n<h2 class=\"font_2\">TO\u0301M T\u0102\u0301T T\u00d4\u0309NG QUAN THI\u0323 TR\u01af\u01a0\u0300NG<\/h2>\n<div class=\"body font_9\">\n<p>Ch\u00fang t\u00f4i nghi\u00ean c\u1ee9u, t\u1ed5ng h\u1ee3p nh\u1eefng g\u00ec m\u00e0 doanh nghi\u1ec7p \u0111ang l\u00e0m \u0111\u1ec3 duy tr\u00ec s\u1ef1 c\u1ea7n thi\u1ebft v\u00e0 c\u1ea1nh tranh trong th\u1ebf gi\u1edbi ph\u00e1t tri\u1ec3n nhanh ch\u00f3ng hi\u1ec7n nay v\u00e0 nh\u1eefng t\u1ed5 ch\u1ee9c n\u00e0o \u0111ang l\u00e0m \u0111i\u1ec1u \u0111\u00f3 t\u1ed1t nh\u1ea5t. Sau \u0111\u00f3, b\u1eb1ng c\u00e1ch s\u1eed d\u1ee5ng nh\u1eefng c\u00f4ng c\u1ee5 th\u00f4ng minh v\u00e0 t\u00e0i nguy\u00ean to\u00e0n c\u1ea7u m\u1ed9t c\u00e1ch chi\u1ebfn l\u01b0\u1ee3c, ch\u00fang t\u00f4i c\u1ed1 g\u1eafng ph\u00e2n t\u00edch \u0111\u1ec3 hi\u1ec3u \u0111\u01b0\u1ee3c \u00fd ngh\u0129a c\u1ee7a m\u1ecdi l\u1ef1a ch\u1ecdn m\u00e0 kh\u00e1ch h\u00e0ng c\u1ee7a ch\u00fang t\u00f4i c\u00f3 th\u1ec3 \u0111\u01b0a ra.<\/p>\n<\/div>\n<\/div>\n<\/div>\n<div class=\"col-xs-12 col-sm-4 col-md-4\"><img decoding=\"async\" loading=\"lazy\" class=\"alignnone wp-image-330 size-large\" src=\"https:\/\/ndtcpartners.com.vn\/wp-content\/uploads\/2019\/08\/Bad-Faith-Blog-Image-1024x684.jpg\" alt=\"\" width=\"1024\" height=\"684\" srcset=\"https:\/\/ndtcpartners.com.vn\/wp-content\/uploads\/2019\/08\/Bad-Faith-Blog-Image-1024x684.jpg 1024w, https:\/\/ndtcpartners.com.vn\/wp-content\/uploads\/2019\/08\/Bad-Faith-Blog-Image-300x200.jpg 300w, https:\/\/ndtcpartners.com.vn\/wp-content\/uploads\/2019\/08\/Bad-Faith-Blog-Image-768x513.jpg 768w, https:\/\/ndtcpartners.com.vn\/wp-content\/uploads\/2019\/08\/Bad-Faith-Blog-Image-1200x801.jpg 1200w\" sizes=\"(max-width: 1024px) 100vw, 1024px\" \/><\/div>\n<\/div>\n<p><\/p>","protected":false},"excerpt":{"rendered":"<p>TO\u0301M T\u0102\u0301T T\u00d4\u0309NG QUAN THI\u0323 TR\u01af\u01a0\u0300NG Ch\u00fang t\u00f4i nghi\u00ean c\u1ee9u, t\u1ed5ng h\u1ee3p nh\u1eefng g\u00ec m\u00e0 doanh nghi\u1ec7p \u0111ang l\u00e0m \u0111\u1ec3 duy tr\u00ec s\u1ef1 c\u1ea7n thi\u1ebft v\u00e0 c\u1ea1nh tranh trong th\u1ebf gi\u1edbi ph\u00e1t tri\u1ec3n nhanh ch\u00f3ng hi\u1ec7n nay v\u00e0 nh\u1eefng t\u1ed5 ch\u1ee9c n\u00e0o \u0111ang l\u00e0m \u0111i\u1ec1u \u0111\u00f3 t\u1ed1t nh\u1ea5t. Sau \u0111\u00f3, b\u1eb1ng c\u00e1ch s\u1eed d\u1ee5ng nh\u1eefng [&hellip;]<\/p>\n","protected":false},"author":1,"featured_media":0,"parent":0,"menu_order":0,"comment_status":"closed","ping_status":"closed","template":"page-market-insight.php","meta":[],"_links":{"self":[{"href":"https:\/\/ndtcpartners.com.vn\/vi\/wp-json\/wp\/v2\/pages\/58"}],"collection":[{"href":"https:\/\/ndtcpartners.com.vn\/vi\/wp-json\/wp\/v2\/pages"}],"about":[{"href":"https:\/\/ndtcpartners.com.vn\/vi\/wp-json\/wp\/v2\/types\/page"}],"author":[{"embeddable":true,"href":"https:\/\/ndtcpartners.com.vn\/vi\/wp-json\/wp\/v2\/users\/1"}],"replies":[{"embeddable":true,"href":"https:\/\/ndtcpartners.com.vn\/vi\/wp-json\/wp\/v2\/comments?post=58"}],"version-history":[{"count":9,"href":"https:\/\/ndtcpartners.com.vn\/vi\/wp-json\/wp\/v2\/pages\/58\/revisions"}],"predecessor-version":[{"id":1302,"href":"https:\/\/ndtcpartners.com.vn\/vi\/wp-json\/wp\/v2\/pages\/58\/revisions\/1302"}],"wp:attachment":[{"href":"https:\/\/ndtcpartners.com.vn\/vi\/wp-json\/wp\/v2\/media?parent=58"}],"curies":[{"name":"wp","href":"https:\/\/api.w.org\/{rel}","templated":true}]}}