{"id":54,"date":"2018-12-04T06:37:24","date_gmt":"2018-12-04T06:37:24","guid":{"rendered":"http:\/\/210.245.26.105\/Test\/ndtc\/?page_id=54"},"modified":"2020-08-14T06:40:53","modified_gmt":"2020-08-14T06:40:53","slug":"international-corporation-project-consultancy","status":"publish","type":"page","link":"https:\/\/ndtcpartners.com.vn\/vi\/international-corporation-project-consultancy","title":{"rendered":"T\u01b0 v\u00e2\u0301n D\u01b0\u0323 a\u0301n H\u01a1\u0323p ta\u0301c Qu\u00f4\u0301c t\u00ea\u0301"},"content":{"rendered":"<p><\/p>\n<div class=\"page-legal\">\n<div class=\"container-fluid\">\n<div class=\"row\" style=\"display:flex; align-items: center;\">\n<div class=\"col-md-4 col-md-offset-2 content\">\n<div class=\"right ver-align\" style=\"margin-top:0\">\n<h2 class=\"font_2\"><strong style=\"font-size: 16px;\">T\u01af V\u1ea4N D\u1ef0 \u00c1N H\u01a0\u0323P TA\u0301C QU\u1ed0C T\u1ebe<\/strong><\/h2>\n<div class=\"body font_9\">\n<p>D\u1ecbch v\u1ee5 chuy\u00ean nghi\u1ec7p \u0111\u1eb7c th\u00f9 n\u00e0y c\u1ee7a c\u00f4ng ty ch\u00fang t\u00f4i h\u01b0\u1edbng t\u1edbi c\u00e1c doanh nghi\u1ec7p v\u00e0 c\u01a1 quan tham gia v\u00e0o c\u00e1c d\u1ef1 \u00e1n h\u1ed7 tr\u1ee3 ph\u00e1t tri\u1ec3n ch\u00ednh th\u1ee9c (ODA), c\u00e1c d\u1ef1 \u00e1n t\u1eeb ch\u00ednh ph\u1ee7 \u0111\u1ebfn ch\u00ednh ph\u1ee7 v\u00e0 c\u00e1c d\u1ef1 \u00e1n mua s\u1eafm ch\u00ednh ph\u1ee7, t\u1ea1o \u0111i\u1ec1u ki\u1ec7n th\u00fac \u0111\u1ea9y h\u1ee3p t\u00e1c gi\u1eefa ch\u00ednh ph\u1ee7 Vi\u1ec7t Nam c\u00f9ng v\u1edbi c\u00e1c n\u01b0\u1edbc kh\u00e1c. \u00a0Ch\u00fang t\u00f4i t\u01b0 v\u1ea5n cho kh\u00e1ch h\u00e0ng v\u1ec1 t\u1ea5t c\u1ea3 c\u00e1c kh\u00eda c\u1ea1nh c\u1ee7a d\u1ef1 \u00e1n: t\u1eeb ph\u00e2n t\u00edch hi\u1ec7n tr\u1ea1ng v\u00e0 nhu c\u1ea7u, x\u00e1c \u0111\u1ecbnh v\u00e0 \u0111\u1ec1 xu\u1ea5t c\u00e1c \u00fd t\u01b0\u1edfng d\u1ef1 \u00e1n, l\u1eadp k\u1ebf ho\u1ea1ch ban \u0111\u1ea7u cho \u0111\u1ebfn nghi\u00ean c\u1ee9u (ti\u1ec1n) kh\u1ea3 thi, \u0111\u00e1nh gi\u00e1 d\u1ef1 \u00e1n, ph\u00ea duy\u1ec7t, \u0111\u00e0m ph\u00e1n v\u00e0 giao k\u1ebft h\u1ee3p \u0111\u1ed3ng, th\u1ef1c hi\u1ec7n v\u00e0 qu\u1ea3n tr\u1ecb, v.v. nh\u1eb1m m\u1ee5c \u0111\u00edch ti\u1ebfp c\u1eadn m\u1ed9t c\u00e1ch c\u1ee5 th\u1ec3 d\u1ef1a tr\u00ean c\u00e1c y\u00eau c\u1ea7u chi ti\u1ebft c\u1ee7a c\u00e1c \u0111\u1ed1i t\u00e1c.<\/p>\n<p>D\u1ecbch v\u1ee5 t\u01b0 v\u1ea5n c\u1ee7a ch\u00fang t\u00f4i \u0111\u1ed1i v\u1edbi c\u00e1c d\u1ef1 \u00e1n qu\u1ed1c t\u1ebf bao g\u1ed3m c\u00e1c l\u0129nh v\u1ef1c:<\/p>\n<p>Ch\u1eefa Ch\u00e1y, T\u00ecm Ki\u1ebfm C\u1ee9u N\u1ea1n<br \/>\nC\u1ee9u Tr\u1ee3 Th\u1ea3m H\u1ecda Qu\u1ed1c Gia<br \/>\nC\u00f4ng An v\u00e0 Qu\u1ed1c Ph\u00f2ng<br \/>\nQu\u1ea3n L\u00fd v\u00e0 Ki\u1ec3m So\u00e1t Giao Th\u00f4ng<br \/>\nCh\u0103m S\u00f3c S\u1ee9c Kh\u1ecfe<br \/>\nGi\u00e1o Du\u0323c v\u00e0 \u0110\u00e0o Ta\u0323o<br \/>\nB\u1ea3o V\u1ec7 M\u00f4i Tr\u01b0\u1eddng v\u00e0 T\u00e0i Nguy\u00ean Thi\u00ean Nhi\u00ean<br \/>\nC\u01a1 S\u1edf H\u1ea1 T\u1ea7ng C\u00f4ng C\u1ed9ng<\/p>\n<p>Trong nh\u1eefng n\u0103m qua, NDTC &amp; Partners l\u00e0 c\u00f4ng ty t\u01b0 v\u1ea5n ch\u00ednh th\u1ee9c cho m\u1ed9t s\u1ed1 l\u01b0\u1ee3ng l\u1edbn c\u00e1c d\u1ef1 \u00e1n qu\u1ed1c t\u1ebf gi\u1eefa c\u00e1c c\u01a1 quan ch\u00ednh ph\u1ee7 Vi\u1ec7t Nam v\u00e0 c\u00e1c c\u01a1 quan n\u01b0\u1edbc ngo\u00e0i c\u0169ng nh\u01b0 c\u00e1c doanh nghi\u1ec7p c\u00f3 li\u00ean quan t\u1eeb ch\u00e2u \u00c2u, Nh\u1eadt B\u1ea3n, H\u00e0n Qu\u1ed1c.<\/p>\n<\/div>\n<\/div>\n<\/div>\n<div class=\"col-md-4\"><img decoding=\"async\" loading=\"lazy\" class=\"alignnone wp-image-347 size-large\" src=\"https:\/\/ndtcpartners.com.vn\/wp-content\/uploads\/2019\/08\/SHUTTERSTOCK_1432579892-683x1024.jpg\" alt=\"\" width=\"683\" height=\"1024\" srcset=\"https:\/\/ndtcpartners.com.vn\/wp-content\/uploads\/2019\/08\/SHUTTERSTOCK_1432579892-683x1024.jpg 683w, https:\/\/ndtcpartners.com.vn\/wp-content\/uploads\/2019\/08\/SHUTTERSTOCK_1432579892-200x300.jpg 200w, https:\/\/ndtcpartners.com.vn\/wp-content\/uploads\/2019\/08\/SHUTTERSTOCK_1432579892-768x1152.jpg 768w, https:\/\/ndtcpartners.com.vn\/wp-content\/uploads\/2019\/08\/SHUTTERSTOCK_1432579892-1200x1800.jpg 1200w\" sizes=\"(max-width: 683px) 100vw, 683px\" \/><\/div>\n<\/div>\n<\/div>\n<\/div>\n<p><\/p>","protected":false},"excerpt":{"rendered":"<p>T\u01af V\u1ea4N D\u1ef0 \u00c1N H\u01a0\u0323P TA\u0301C QU\u1ed0C T\u1ebe D\u1ecbch v\u1ee5 chuy\u00ean nghi\u1ec7p \u0111\u1eb7c th\u00f9 n\u00e0y c\u1ee7a c\u00f4ng ty ch\u00fang t\u00f4i h\u01b0\u1edbng t\u1edbi c\u00e1c doanh nghi\u1ec7p v\u00e0 c\u01a1 quan tham gia v\u00e0o c\u00e1c d\u1ef1 \u00e1n h\u1ed7 tr\u1ee3 ph\u00e1t tri\u1ec3n ch\u00ednh th\u1ee9c (ODA), c\u00e1c d\u1ef1 \u00e1n t\u1eeb ch\u00ednh ph\u1ee7 \u0111\u1ebfn ch\u00ednh ph\u1ee7 v\u00e0 c\u00e1c d\u1ef1 \u00e1n mua [&hellip;]<\/p>\n","protected":false},"author":1,"featured_media":0,"parent":0,"menu_order":0,"comment_status":"closed","ping_status":"closed","template":"page-legal.php","meta":[],"_links":{"self":[{"href":"https:\/\/ndtcpartners.com.vn\/vi\/wp-json\/wp\/v2\/pages\/54"}],"collection":[{"href":"https:\/\/ndtcpartners.com.vn\/vi\/wp-json\/wp\/v2\/pages"}],"about":[{"href":"https:\/\/ndtcpartners.com.vn\/vi\/wp-json\/wp\/v2\/types\/page"}],"author":[{"embeddable":true,"href":"https:\/\/ndtcpartners.com.vn\/vi\/wp-json\/wp\/v2\/users\/1"}],"replies":[{"embeddable":true,"href":"https:\/\/ndtcpartners.com.vn\/vi\/wp-json\/wp\/v2\/comments?post=54"}],"version-history":[{"count":14,"href":"https:\/\/ndtcpartners.com.vn\/vi\/wp-json\/wp\/v2\/pages\/54\/revisions"}],"predecessor-version":[{"id":1314,"href":"https:\/\/ndtcpartners.com.vn\/vi\/wp-json\/wp\/v2\/pages\/54\/revisions\/1314"}],"wp:attachment":[{"href":"https:\/\/ndtcpartners.com.vn\/vi\/wp-json\/wp\/v2\/media?parent=54"}],"curies":[{"name":"wp","href":"https:\/\/api.w.org\/{rel}","templated":true}]}}