{"id":52,"date":"2018-12-04T06:37:07","date_gmt":"2018-12-04T06:37:07","guid":{"rendered":"http:\/\/210.245.26.105\/Test\/ndtc\/?page_id=52"},"modified":"2020-08-14T06:39:34","modified_gmt":"2020-08-14T06:39:34","slug":"investment-consultancy","status":"publish","type":"page","link":"https:\/\/ndtcpartners.com.vn\/vi\/investment-consultancy","title":{"rendered":"T\u01b0 v\u00e2\u0301n \u0110\u00e2\u0300u t\u01b0"},"content":{"rendered":"<p><\/p>\n<div class=\"page-legal\">\n<div class=\"container-fluid\">\n<div class=\"row\" style=\"display: flex; align-items: center;\">\n<div class=\"col-md-4 col-md-offset-2 content\">\n<div class=\"right\">\n<p><strong>T\u01af V\u00c2\u0301N \u0110\u00c2\u0300U T\u01af<\/strong><\/p>\n<p>Ch\u00fang t\u00f4i l\u00e0m vi\u1ec7c ch\u1eb7t ch\u1ebd v\u1edbi qu\u00fd kh\u00e1ch h\u00e0ng \u0111\u1ec3 t\u1ea1o ra c\u00e1c gi\u1ea3i ph\u00e1p b\u1ec1n v\u1eefng, ph\u00f9 h\u1ee3p v\u1edbi t\u1eebng v\u1ea5n \u0111\u1ec1 c\u1ee5 th\u1ec3 c\u1ee7a qu\u00fd kh\u00e1ch h\u00e0ng.<\/p>\n<p>Nh\u1eadn ra \u0111\u01b0\u1ee3c t\u1ea7m quan tr\u1ecdng c\u1ee7a vi\u1ec7c \u00e1p d\u1ee5ng nh\u1eefng nghi\u00ean c\u1ee9u th\u1ef1c nghi\u1ec7m v\u00e0o gi\u1ea3i ph\u00e1p c\u1ee7a ch\u00fang t\u00f4i, NDTC &amp; Partners lu\u00f4n n\u1ed7 l\u1ef1c \u0111\u1ec3 s\u1eed d\u1ee5ng nh\u1eefng nghi\u00ean c\u1ee9u \u0111\u00f3 \u0111\u1ec3 t\u00ecm ra gi\u1ea3i ph\u00e1p t\u1ed1t nh\u1ea5t cho qu\u00fd kh\u00e1ch h\u00e0ng. Ngo\u00e0i vi\u1ec7c cung c\u1ea5p d\u1ecbch v\u1ee5 \u0111\u1ea7u t\u01b0 tr\u1ef1c ti\u1ebfp n\u01b0\u1edbc ngo\u00e0i v\u00e0 \u0111\u1ea7u t\u01b0 gi\u00e1n ti\u1ebfp kh\u00e1c, ch\u00fang t\u00f4i c\u00f2n h\u1ed7 tr\u1ee3 c\u1ee5 th\u1ec3 trong c\u00e1c l\u0129nh v\u1ef1c sau:<\/p>\n<p>&#8211;\u00a0\u00a0\u00a0\u00a0\u00a0\u00a0\u00a0\u00a0\u00a0\u00a0 Kh\u1ea3o s\u00e1t v\u00e0 Nghi\u00ean c\u1ee9u Th\u1ecb tr\u01b0\u1eddng<\/p>\n<p>&#8211;\u00a0\u00a0\u00a0\u00a0\u00a0\u00a0\u00a0\u00a0\u00a0\u00a0 Kh\u1edfi Nghi\u1ec7p S\u00e1ng T\u1ea1o<\/p>\n<p>&#8211;\u00a0\u00a0\u00a0\u00a0\u00a0\u00a0\u00a0\u00a0\u00a0\u00a0 Li\u00ean Doanh v\u00e0 H\u1ee3p T\u00e1c Chi\u1ebfn L\u01b0\u1ee3c<\/p>\n<p>&#8211;\u00a0\u00a0\u00a0\u00a0\u00a0\u00a0\u00a0\u00a0\u00a0\u00a0 Th\u1ee7 t\u1ee5c H\u00e0nh ch\u00ednh v\u00e0 Ch\u1ea5p thu\u1eadn c\u1ee7a c\u00e1c c\u01a1 quan nh\u00e0 n\u01b0\u1edbc<\/p>\n<p>&#8211;\u00a0\u00a0\u00a0\u00a0\u00a0\u00a0\u00a0\u00a0\u00a0\u00a0 S\u00e1p nh\u1eadp v\u00e0 Mua l\u1ea1i<\/p>\n<p>&#8211;\u00a0\u00a0\u00a0\u00a0\u00a0\u00a0\u00a0\u00a0\u00a0\u00a0 T\u00e1i C\u1ea5u tr\u00fac v\u00e0 Ph\u00e1 s\u1ea3n<\/p>\n<p>&#8211;\u00a0\u00a0\u00a0\u00a0\u00a0\u00a0\u00a0\u00a0\u00a0\u00a0 Nghi\u00ean C\u1ee9u Kh\u1ea3 Thi D\u1ef1 \u00c1n v\u00e0 Qu\u1ea3n Tr\u1ecb<\/p>\n<p>&#8211;\u00a0\u00a0\u00a0\u00a0\u00a0\u00a0\u00a0\u00a0\u00a0\u00a0 Chi\u1ebfn L\u01b0\u1ee3c Ti\u1ebfp Th\u1ecb v\u00e0 Ph\u00e2n Ph\u1ed1i<\/p>\n<p>&#8211;\u00a0\u00a0\u00a0\u00a0\u00a0\u00a0\u00a0\u00a0\u00a0\u00a0 T\u00e1i C\u1ea5u Tr\u00fac v\u00e0 T\u01b0 Nh\u00e2n H\u00f3a<\/p>\n<p>&#8211;\u00a0\u00a0\u00a0\u00a0\u00a0\u00a0\u00a0\u00a0\u00a0\u00a0 Th\u01b0\u01a1ng M\u1ea1i Qu\u1ed1c T\u1ebf<\/p>\n<p>D\u1ecbch v\u1ee5 t\u01b0 v\u1ea5n chuy\u00ean nghi\u1ec7p c\u00f9ng ki\u1ebfn th\u1ee9c chuy\u00ean m\u00f4n s\u00e2u v\u1ec1 m\u00f4i tr\u01b0\u1eddng kinh doanh t\u1ea1i Vi\u1ec7t Nam c\u1ee7a ch\u00fang t\u00f4i \u0111\u00e3 khi\u1ebfn NDTC &amp; Partners tr\u1edf th\u00e0nh \u0111\u1ea1i di\u1ec7n l\u00fd t\u01b0\u1edfng cho c\u00e1c nh\u00e0 \u0111\u1ea7u t\u01b0 trong v\u00e0 ngo\u00e0i n\u01b0\u1edbc.<\/p>\n<div class=\"body font_9\">\n<p>&nbsp;<\/p>\n<\/div>\n<\/div>\n<\/div>\n<div class=\"col-md-4\"><img decoding=\"async\" loading=\"lazy\" class=\"alignnone wp-image-185\" src=\"https:\/\/ndtcpartners.com.vn\/wp-content\/uploads\/2019\/08\/\u1ea2nh-2-\u0111\u00e3-mua-b\u1ea3n-quy\u1ec1n-694x1024.jpeg\" alt=\"\" width=\"770\" height=\"1137\" \/><\/div>\n<\/div>\n<\/div>\n<\/div>\n<p><\/p>","protected":false},"excerpt":{"rendered":"<p>T\u01af V\u00c2\u0301N \u0110\u00c2\u0300U T\u01af Ch\u00fang t\u00f4i l\u00e0m vi\u1ec7c ch\u1eb7t ch\u1ebd v\u1edbi qu\u00fd kh\u00e1ch h\u00e0ng \u0111\u1ec3 t\u1ea1o ra c\u00e1c gi\u1ea3i ph\u00e1p b\u1ec1n v\u1eefng, ph\u00f9 h\u1ee3p v\u1edbi t\u1eebng v\u1ea5n \u0111\u1ec1 c\u1ee5 th\u1ec3 c\u1ee7a qu\u00fd kh\u00e1ch h\u00e0ng. Nh\u1eadn ra \u0111\u01b0\u1ee3c t\u1ea7m quan tr\u1ecdng c\u1ee7a vi\u1ec7c \u00e1p d\u1ee5ng nh\u1eefng nghi\u00ean c\u1ee9u th\u1ef1c nghi\u1ec7m v\u00e0o gi\u1ea3i ph\u00e1p c\u1ee7a ch\u00fang t\u00f4i, [&hellip;]<\/p>\n","protected":false},"author":1,"featured_media":0,"parent":0,"menu_order":0,"comment_status":"closed","ping_status":"closed","template":"page-legal.php","meta":[],"_links":{"self":[{"href":"https:\/\/ndtcpartners.com.vn\/vi\/wp-json\/wp\/v2\/pages\/52"}],"collection":[{"href":"https:\/\/ndtcpartners.com.vn\/vi\/wp-json\/wp\/v2\/pages"}],"about":[{"href":"https:\/\/ndtcpartners.com.vn\/vi\/wp-json\/wp\/v2\/types\/page"}],"author":[{"embeddable":true,"href":"https:\/\/ndtcpartners.com.vn\/vi\/wp-json\/wp\/v2\/users\/1"}],"replies":[{"embeddable":true,"href":"https:\/\/ndtcpartners.com.vn\/vi\/wp-json\/wp\/v2\/comments?post=52"}],"version-history":[{"count":15,"href":"https:\/\/ndtcpartners.com.vn\/vi\/wp-json\/wp\/v2\/pages\/52\/revisions"}],"predecessor-version":[{"id":1313,"href":"https:\/\/ndtcpartners.com.vn\/vi\/wp-json\/wp\/v2\/pages\/52\/revisions\/1313"}],"wp:attachment":[{"href":"https:\/\/ndtcpartners.com.vn\/vi\/wp-json\/wp\/v2\/media?parent=52"}],"curies":[{"name":"wp","href":"https:\/\/api.w.org\/{rel}","templated":true}]}}