{"id":50,"date":"2018-12-04T06:36:57","date_gmt":"2018-12-04T06:36:57","guid":{"rendered":"http:\/\/210.245.26.105\/Test\/ndtc\/?page_id=50"},"modified":"2020-08-14T06:36:56","modified_gmt":"2020-08-14T06:36:56","slug":"legal-consultancy","status":"publish","type":"page","link":"https:\/\/ndtcpartners.com.vn\/vi\/legal-consultancy","title":{"rendered":"T\u01b0 v\u00e2\u0301n Pha\u0301p ly\u0301"},"content":{"rendered":"<p><\/p>\n<div class=\"page-legal\">\n<div class=\"container-fluid\">\n<div class=\"row\" style=\"display: flex; align-items: center;\">\n<div class=\"col-md-4 col-md-offset-2 content\">\n<div class=\"right\">\n<h2 class=\"font_2\" style=\"margin-top: 0;\">T\u01af V\u00c2\u0301N PHA\u0301P LY\u0301<\/h2>\n<div class=\"body font_9\">\n<p>\u0110\u1ec3 n\u1eafm b\u1eaft \u0111\u01b0\u1ee3c b\u1ee9c tranh to\u00e0n c\u1ea3nh c\u1ee7a th\u1ecb tr\u01b0\u1eddng kinh doanh thay \u0111\u1ed5i nhanh ch\u00f3ng hi\u1ec7n nay, kh\u00e1ch h\u00e0ng c\u1ea7n nhi\u1ec1u h\u01a1n l\u00e0 nh\u1eefng d\u1ecbch v\u1ee5 chuy\u00ean m\u00f4n \u0111\u01a1n thu\u1ea7n . N\u1eafm \u0111\u01b0\u1ee3c t\u00ecnh h\u00ecnh \u0111\u00f3, ch\u00fang t\u00f4i kh\u00f4ng \u0111\u01b0a ra c\u00e1c h\u1ed7 tr\u1ee3 ri\u00eang bi\u1ec7t m\u00e0 h\u1ee3p nh\u1ea5t t\u01b0 v\u1ea5n ph\u00e1p l\u00fd c\u00f9ng s\u1ef1 hi\u1ec3u bi\u1ebft v\u1ec1 m\u1eb7t th\u01b0\u01a1ng m\u1ea1i v\u00e0 k\u1ef9 thu\u1eadt \u0111\u1ec3 h\u01b0\u1edbng \u0111\u1ebfn s\u1ef1 ph\u00e1t tri\u1ec3n l\u00e2u d\u00e0i. B\u1eb1ng c\u00e1ch qu\u1ea3n l\u00fd nh\u1eefng r\u1ee7i ro c\u00f3 th\u1ec3 x\u1ea3y ra trong t\u01b0\u01a1ng lai, ch\u00fang t\u00f4i gi\u1eef v\u1eefng \u0111\u01b0\u1ee3c kh\u1ea3 n\u0103ng cung c\u1ea5p t\u01b0 v\u1ea5n to\u00e0n di\u1ec7n cho c\u00e1c d\u1ef1 \u00e1n c\u1ee7a qu\u00fd kh\u00e1ch h\u00e0ng.<\/p>\n<p>Nh\u1eefng l\u0129nh v\u1ef1c ch\u00ednh m\u00e0 NDTC &amp; Partners cung c\u1ea5p \u0111\u01b0\u1ee3c chia th\u00e0nh nh\u1eefng nh\u00f3m nh\u01b0 sau:<\/p>\n<p>&#8211;\u00a0\u00a0\u00a0\u00a0\u00a0\u00a0\u00a0\u00a0\u00a0\u00a0 Kh\u1edfi nghi\u1ec7p s\u00e1ng t\u1ea1o<\/p>\n<p>&#8211;\u00a0\u00a0\u00a0\u00a0\u00a0\u00a0\u00a0\u00a0\u00a0\u00a0 Th\u01b0\u01a1ng m\u1ea1i qu\u1ed1c t\u1ebf<\/p>\n<p>&#8211;\u00a0\u00a0\u00a0\u00a0\u00a0\u00a0\u00a0\u00a0\u00a0\u00a0 Mua b\u00e1n v\u00e0 s\u00e1p nh\u1eadp<\/p>\n<p>&#8211;\u00a0\u00a0\u00a0\u00a0\u00a0\u00a0\u00a0\u00a0\u00a0\u00a0 H\u1ee3p \u0111\u1ed3ng v\u00e0 \u0111\u00e0m ph\u00e1n<\/p>\n<p>&#8211;\u00a0\u00a0\u00a0\u00a0\u00a0\u00a0\u00a0\u00a0\u00a0\u00a0 Qu\u1ea3n tr\u1ecb doanh nghi\u1ec7p v\u00e0 tu\u00e2n th\u1ee7<\/p>\n<p>&#8211;\u00a0\u00a0\u00a0\u00a0\u00a0\u00a0\u00a0\u00a0\u00a0\u00a0 T\u00e1i c\u1ea5u tr\u00fac doanh nghi\u1ec7p v\u00e0 ph\u00e1 s\u1ea3n<\/p>\n<p>&#8211;\u00a0\u00a0\u00a0\u00a0\u00a0\u00a0\u00a0\u00a0\u00a0\u00a0 Thu\u1ebf, t\u00e0i ch\u00ednh v\u00e0 b\u1ea3o hi\u1ec3m<\/p>\n<p>&#8211;\u00a0\u00a0\u00a0\u00a0\u00a0\u00a0\u00a0\u00a0\u00a0\u00a0 Gi\u1ea3i quy\u1ebft tranh ch\u1ea5p v\u00e0 t\u1ed1 t\u1ee5ng<\/p>\n<p>&#8211;\u00a0\u00a0\u00a0\u00a0\u00a0\u00a0\u00a0\u00a0\u00a0\u00a0 Lao \u0111\u1ed9ng<\/p>\n<p>&#8211;\u00a0\u00a0\u00a0\u00a0\u00a0\u00a0\u00a0\u00a0\u00a0\u00a0 S\u1edf h\u1eefu tr\u00ed tu\u1ec7<\/p>\n<p>&#8211;\u00a0\u00a0\u00a0\u00a0\u00a0\u00a0\u00a0\u00a0\u00a0\u00a0 C\u1ea1nh tranh v\u00e0 ch\u1ed1ng \u0111\u1ed9c quy\u1ec1n<\/p>\n<p>Nh\u1eb1m gi\u1ea3m thi\u1ec3u t\u1ed1i \u0111a c\u00e1c r\u1ee7i ro m\u00e0 qu\u00fd kh\u00e1ch h\u00e0ng c\u00f3 th\u1ec3 g\u1eb7p ph\u1ea3i, ch\u00fang t\u00f4i cung c\u1ea5p c\u00e1c gi\u1ea3i ph\u00e1p th\u1ef1c t\u1ebf, ph\u00f9 h\u1ee3p v\u1edbi s\u1ee9 m\u1ec7nh, t\u1ea7m nh\u00ecn v\u00e0 gi\u00e1 tr\u1ecb c\u1ed1t l\u00f5i c\u1ee7a qu\u00fd kh\u00e1ch h\u00e0ng . Ch\u00fang t\u00f4i \u0111\u1ea3m b\u1ea3o c\u00e1c kh\u00e1ch h\u00e0ng c\u1ee7a m\u00ecnh v\u1eabn \u0111\u1ea3m b\u1ea3o ho\u1ea1t \u0111\u1ed9ng h\u1ee3p ph\u00e1p k\u1ec3 c\u1ea3 khi d\u1ecbch v\u1ee5 c\u1ee7a ch\u00fang t\u00f4i \u0111\u00e3 \u0111\u01b0\u1ee3c ho\u00e0n th\u00e0nh.<\/p>\n<p>\u201cV\u1edbi t\u01b0 v\u1ea5n \u0111\u1ea7u t\u01b0 l\u00e0 m\u1ed9t trong nh\u1eefng d\u1ecbch v\u1ee5 c\u1ed1t l\u00f5i c\u1ee7a c\u00f4ng ty, ch\u00fang t\u00f4i cam k\u1ebft cung c\u1ea5p d\u1ecbch v\u1ee5 t\u01b0 v\u1ea5n t\u1ed1t nh\u1ea5t theo ti\u00eau chu\u1ea9n qu\u1ed1c t\u1ebf.\u201d<\/p>\n<\/div>\n<\/div>\n<\/div>\n<div class=\"col-md-4\"><img decoding=\"async\" class=\"alignnone wp-image-340\" src=\"https:\/\/ndtcpartners.com.vn\/wp-content\/uploads\/2019\/09\/legend_1.png\" alt=\"\" \/><\/div>\n<\/div>\n<\/div>\n<\/div>\n<p><\/p>","protected":false},"excerpt":{"rendered":"<p>T\u01af V\u00c2\u0301N PHA\u0301P LY\u0301 \u0110\u1ec3 n\u1eafm b\u1eaft \u0111\u01b0\u1ee3c b\u1ee9c tranh to\u00e0n c\u1ea3nh c\u1ee7a th\u1ecb tr\u01b0\u1eddng kinh doanh thay \u0111\u1ed5i nhanh ch\u00f3ng hi\u1ec7n nay, kh\u00e1ch h\u00e0ng c\u1ea7n nhi\u1ec1u h\u01a1n l\u00e0 nh\u1eefng d\u1ecbch v\u1ee5 chuy\u00ean m\u00f4n \u0111\u01a1n thu\u1ea7n . N\u1eafm \u0111\u01b0\u1ee3c t\u00ecnh h\u00ecnh \u0111\u00f3, ch\u00fang t\u00f4i kh\u00f4ng \u0111\u01b0a ra c\u00e1c h\u1ed7 tr\u1ee3 ri\u00eang bi\u1ec7t m\u00e0 h\u1ee3p nh\u1ea5t [&hellip;]<\/p>\n","protected":false},"author":1,"featured_media":0,"parent":0,"menu_order":0,"comment_status":"closed","ping_status":"closed","template":"page-legal.php","meta":[],"_links":{"self":[{"href":"https:\/\/ndtcpartners.com.vn\/vi\/wp-json\/wp\/v2\/pages\/50"}],"collection":[{"href":"https:\/\/ndtcpartners.com.vn\/vi\/wp-json\/wp\/v2\/pages"}],"about":[{"href":"https:\/\/ndtcpartners.com.vn\/vi\/wp-json\/wp\/v2\/types\/page"}],"author":[{"embeddable":true,"href":"https:\/\/ndtcpartners.com.vn\/vi\/wp-json\/wp\/v2\/users\/1"}],"replies":[{"embeddable":true,"href":"https:\/\/ndtcpartners.com.vn\/vi\/wp-json\/wp\/v2\/comments?post=50"}],"version-history":[{"count":21,"href":"https:\/\/ndtcpartners.com.vn\/vi\/wp-json\/wp\/v2\/pages\/50\/revisions"}],"predecessor-version":[{"id":1312,"href":"https:\/\/ndtcpartners.com.vn\/vi\/wp-json\/wp\/v2\/pages\/50\/revisions\/1312"}],"wp:attachment":[{"href":"https:\/\/ndtcpartners.com.vn\/vi\/wp-json\/wp\/v2\/media?parent=50"}],"curies":[{"name":"wp","href":"https:\/\/api.w.org\/{rel}","templated":true}]}}