{"id":477,"date":"2019-10-25T07:28:18","date_gmt":"2019-10-25T07:28:18","guid":{"rendered":"http:\/\/ndtcpartners.com.vn\/?page_id=477"},"modified":"2020-08-14T06:20:54","modified_gmt":"2020-08-14T06:20:54","slug":"careers","status":"publish","type":"page","link":"https:\/\/ndtcpartners.com.vn\/vi\/careers","title":{"rendered":"Tuy\u1ec3n d\u1ee5ng"},"content":{"rendered":"<p><\/p>\n<div class=\"row\">\n<div class=\"col-xs-12 col-xs-offset-0 col-sm-4 col-sm-offset-2 col-md-4 col-md-offset-2 content\">\n<div class=\"right\">\n<h2 class=\"font_2\">C\u01a0 H\u00d4\u0323I NGH\u00ca\u0300 NGHI\u00ca\u0323P<\/h2>\n<p>Ta\u0323i NDTC &amp; Partners, v\u01a1\u0301i nh\u01b0\u0303ng gia\u0301 tri\u0323 c\u00f4\u0301t lo\u0303i \u0111a\u0303 \u0111\u01b0\u01a1\u0323c chu\u0301ng t\u00f4i x\u00e2y d\u01b0\u0323ng k\u00ea\u0309 t\u01b0\u0300 khi tha\u0300nh l\u00e2\u0323p, n\u01a1i ma\u0300 nh\u01b0\u0303ng gia\u0301 tri\u0323 nh\u00e2n v\u0103n va\u0300 co\u0301 y\u0301 nghi\u0303a lu\u00f4n \u0111\u01b0\u01a1\u0323c \u0111\u00ea\u0300 cao ha\u0300ng \u0111\u00e2\u0300u trong ph\u01b0\u01a1ng ch\u00e2m pha\u0301t tri\u00ea\u0309n kinh doanh, chu\u0301ng t\u00f4i tin r\u0103\u0300ng m\u00f4\u0303i ca\u0301 nh\u00e2n \u0111\u00ea\u0300u la\u0300 m\u00f4\u0323t b\u00f4\u0323 ph\u00e2\u0323n kh\u00f4ng th\u00ea\u0309 ta\u0301ch r\u01a1\u0300i cu\u0309a t\u00f4\u0309 ch\u01b0\u0301c.<\/p>\n<\/div>\n<\/div>\n<div class=\"col-xs-12 col-sm-4 col-md-4\"><img decoding=\"async\" src=\"https:\/\/ndtcpartners.com.vn\/wp-content\/uploads\/2019\/10\/SHUTTERSTOCK_138434315-1024x768.jpg\" \/><\/div>\n<\/div>\n<p><\/p>","protected":false},"excerpt":{"rendered":"<p>C\u01a0 H\u00d4\u0323I NGH\u00ca\u0300 NGHI\u00ca\u0323P Ta\u0323i NDTC &amp; Partners, v\u01a1\u0301i nh\u01b0\u0303ng gia\u0301 tri\u0323 c\u00f4\u0301t lo\u0303i \u0111a\u0303 \u0111\u01b0\u01a1\u0323c chu\u0301ng t\u00f4i x\u00e2y d\u01b0\u0323ng k\u00ea\u0309 t\u01b0\u0300 khi tha\u0300nh l\u00e2\u0323p, n\u01a1i ma\u0300 nh\u01b0\u0303ng gia\u0301 tri\u0323 nh\u00e2n v\u0103n va\u0300 co\u0301 y\u0301 nghi\u0303a lu\u00f4n \u0111\u01b0\u01a1\u0323c \u0111\u00ea\u0300 cao ha\u0300ng \u0111\u00e2\u0300u trong ph\u01b0\u01a1ng ch\u00e2m pha\u0301t tri\u00ea\u0309n kinh doanh, chu\u0301ng t\u00f4i tin r\u0103\u0300ng m\u00f4\u0303i ca\u0301 [&hellip;]<\/p>\n","protected":false},"author":1,"featured_media":0,"parent":0,"menu_order":0,"comment_status":"closed","ping_status":"closed","template":"page-careers.php","meta":[],"_links":{"self":[{"href":"https:\/\/ndtcpartners.com.vn\/vi\/wp-json\/wp\/v2\/pages\/477"}],"collection":[{"href":"https:\/\/ndtcpartners.com.vn\/vi\/wp-json\/wp\/v2\/pages"}],"about":[{"href":"https:\/\/ndtcpartners.com.vn\/vi\/wp-json\/wp\/v2\/types\/page"}],"author":[{"embeddable":true,"href":"https:\/\/ndtcpartners.com.vn\/vi\/wp-json\/wp\/v2\/users\/1"}],"replies":[{"embeddable":true,"href":"https:\/\/ndtcpartners.com.vn\/vi\/wp-json\/wp\/v2\/comments?post=477"}],"version-history":[{"count":8,"href":"https:\/\/ndtcpartners.com.vn\/vi\/wp-json\/wp\/v2\/pages\/477\/revisions"}],"predecessor-version":[{"id":1306,"href":"https:\/\/ndtcpartners.com.vn\/vi\/wp-json\/wp\/v2\/pages\/477\/revisions\/1306"}],"wp:attachment":[{"href":"https:\/\/ndtcpartners.com.vn\/vi\/wp-json\/wp\/v2\/media?parent=477"}],"curies":[{"name":"wp","href":"https:\/\/api.w.org\/{rel}","templated":true}]}}