{"id":41,"date":"2018-12-04T06:34:44","date_gmt":"2018-12-04T06:34:44","guid":{"rendered":"http:\/\/210.245.26.105\/Test\/ndtc\/?page_id=41"},"modified":"2020-08-17T05:45:29","modified_gmt":"2020-08-17T05:45:29","slug":"our-value","status":"publish","type":"page","link":"https:\/\/ndtcpartners.com.vn\/vi\/our-value","title":{"rendered":"Gia\u0301 tri\u0323 c\u00f4\u0301t lo\u0303i"},"content":{"rendered":"<p><\/p>\n<div class=\"row\" style=\"display:flex;flex-wrap:wrap\">\n<div class=\"col-xs-12 col-sm-12 col-md-6\"><img decoding=\"async\" id=\"comp-jlem5rco2balatamediaimageimage\" style=\"object-position: 50% 50%; width: 834px; height: 100%; object-fit: cover;\" src=\"https:\/\/ndtcpartners.com.vn\/wp-content\/uploads\/2020\/05\/giatricotloi.jpg\" alt=\"Gavel\" data-type=\"image\" \/><\/div>\n<div class=\"col-xs-12 col-sm-12 col-md-6 content\">\n<div class=\"right\">\n<h2 class=\"font_2\">GI\u00c1 TRI\u0323 C\u00d4\u0301T LO\u0303I<\/h2>\n<div class=\"body font_9\">\n<p>Kh\u00f4ng ch\u1ec9 \u0111\u01a1n gi\u1ea3n gi\u1edbi h\u1ea1n \u1edf vi\u1ec7c cung c\u1ea5p nh\u1eefng l\u1eddi t\u01b0 v\u1ea5n ch\u1ea5t l\u01b0\u1ee3ng, ch\u00fang t\u00f4i cung c\u1ea5p cho qu\u00fd kh\u00e1ch h\u00e0ng nh\u1eefng T\u01b0 V\u1ea5n Th\u1ef1c Ti\u1ec5n v\u00e0 Gi\u1ea3i Ph\u00e1p Hi\u1ec7u Qu\u1ea3 \u0111\u1ec3 mang l\u1ea1i K\u1ebft Qu\u1ea3 T\u1ed1i \u01afu.<\/p>\n<p>V\u1edbi nhi\u1ec1u n\u0103m kinh nghi\u1ec7m trong vi\u1ec7c chu\u1ea9n b\u1ecb nh\u1eefng t\u01b0 v\u1ea5n chuy\u00ean m\u00f4n cho kh\u00f4ng ch\u1ec9 nh\u00e0 \u0111\u1ea7u t\u01b0 trong v\u00e0 ngo\u00e0i n\u01b0\u1edbc, bao g\u1ed3m, nh\u01b0ng kh\u00f4ng gi\u1edbi h\u1ea1n \u1edf c\u00e1c l\u0129nh v\u1ef1c:<\/p>\n<p><strong>N\u0103ng L\u01b0\u1ee3ng V\u00e0 H\u1ea1 T\u1ea7ng<\/strong><\/p>\n<p><strong>C\u00f4ng Ngh\u1ec7, Truy\u1ec1n Th\u00f4ng V\u00e0 Vi\u1ec5n Th\u00f4ng<\/strong><\/p>\n<p><strong>C\u00f4ng Nghi\u1ec7p V\u00e0 S\u1ea3n Xu\u1ea5t<\/strong><\/p>\n<p><strong>Gi\u00e1o D\u1ee5c V\u00e0 \u0110\u00e0o T\u1ea1o<\/strong><\/p>\n<p><strong>B\u1ea5t \u0111\u1ed9ng s\u1ea3n v\u00e0 T\u00e0i s\u1ea3n<\/strong><\/p>\n<p><strong>Du l\u1ecbch v\u00e0 D\u1ecbch v\u1ee5<\/strong><\/p>\n<p><strong>T\u00e0i ch\u00ednh v\u00e0 Ng\u00e2n h\u00e0ng<\/strong><\/p>\n<p><strong>Nong Nghi\u1ec7p V\u00e0 M\u00f4i Tr\u01b0\u1eddng<\/strong><\/p>\n<p><strong>Khoa h\u1ecdc \u0111\u1eddi s\u1ed1ng<\/strong><\/p>\n<p>Nh\u1eefng t\u01b0 v\u1ea5n c\u1ee7a ch\u00fang t\u00f4i kh\u00f4ng ch\u1ec9 d\u1ef1a tr\u00ean s\u1ef1 hi\u1ec3u bi\u1ebft v\u1ec1 ph\u00e1p lu\u1eadt \u0111\u1ecba ph\u01b0\u01a1ng m\u00e0 c\u00f2n d\u1ef1a tr\u00ean c\u00e1c m\u1ed1i quan h\u1ec7 l\u00e2u d\u00e0i c\u1ee7a ch\u00fang t\u00f4i v\u1edbi c\u00e1c c\u01a1 quan h\u00e0nh ch\u00ednh nh\u00e0 n\u01b0\u1edbc c\u00f3 li\u00ean quan. Th\u1ebf m\u1ea1nh quan tr\u1ecdng n\u00e0y cho ph\u00e9p ch\u00fang t\u00f4i d\u1ef1 li\u1ec7u \u0111\u01b0\u1ee3c nh\u1eefng bi\u1ebfn \u0111\u1ed9ng v\u1ec1 m\u1eb7t ph\u00e1p lu\u1eadt v\u00e0 c\u00e1c ch\u00ednh s\u00e1ch \u0111\u1ecba ph\u01b0\u01a1ng c\u00f3 th\u1ec3 \u1ea3nh h\u01b0\u1edfng \u0111\u1ebfn c\u00e1c d\u1ef1 \u00e1n \u0111\u1ea7u t\u01b0 \u0111ang di\u1ec5n ra c\u1ee7a qu\u00fd kh\u00e1ch h\u00e0ng.<\/p>\n<\/div>\n<\/div>\n<\/div>\n<\/div>\n<p><\/p>","protected":false},"excerpt":{"rendered":"<p>GI\u00c1 TRI\u0323 C\u00d4\u0301T LO\u0303I Kh\u00f4ng ch\u1ec9 \u0111\u01a1n gi\u1ea3n gi\u1edbi h\u1ea1n \u1edf vi\u1ec7c cung c\u1ea5p nh\u1eefng l\u1eddi t\u01b0 v\u1ea5n ch\u1ea5t l\u01b0\u1ee3ng, ch\u00fang t\u00f4i cung c\u1ea5p cho qu\u00fd kh\u00e1ch h\u00e0ng nh\u1eefng T\u01b0 V\u1ea5n Th\u1ef1c Ti\u1ec5n v\u00e0 Gi\u1ea3i Ph\u00e1p Hi\u1ec7u Qu\u1ea3 \u0111\u1ec3 mang l\u1ea1i K\u1ebft Qu\u1ea3 T\u1ed1i \u01afu. V\u1edbi nhi\u1ec1u n\u0103m kinh nghi\u1ec7m trong vi\u1ec7c chu\u1ea9n b\u1ecb nh\u1eefng [&hellip;]<\/p>\n","protected":false},"author":1,"featured_media":0,"parent":0,"menu_order":0,"comment_status":"closed","ping_status":"closed","template":"page-about.php","meta":[],"_links":{"self":[{"href":"https:\/\/ndtcpartners.com.vn\/vi\/wp-json\/wp\/v2\/pages\/41"}],"collection":[{"href":"https:\/\/ndtcpartners.com.vn\/vi\/wp-json\/wp\/v2\/pages"}],"about":[{"href":"https:\/\/ndtcpartners.com.vn\/vi\/wp-json\/wp\/v2\/types\/page"}],"author":[{"embeddable":true,"href":"https:\/\/ndtcpartners.com.vn\/vi\/wp-json\/wp\/v2\/users\/1"}],"replies":[{"embeddable":true,"href":"https:\/\/ndtcpartners.com.vn\/vi\/wp-json\/wp\/v2\/comments?post=41"}],"version-history":[{"count":12,"href":"https:\/\/ndtcpartners.com.vn\/vi\/wp-json\/wp\/v2\/pages\/41\/revisions"}],"predecessor-version":[{"id":1341,"href":"https:\/\/ndtcpartners.com.vn\/vi\/wp-json\/wp\/v2\/pages\/41\/revisions\/1341"}],"wp:attachment":[{"href":"https:\/\/ndtcpartners.com.vn\/vi\/wp-json\/wp\/v2\/media?parent=41"}],"curies":[{"name":"wp","href":"https:\/\/api.w.org\/{rel}","templated":true}]}}