{"id":4,"date":"2018-03-14T02:29:29","date_gmt":"2018-03-14T02:29:29","guid":{"rendered":"http:\/\/210.245.26.105\/Test\/kinh\/index.php\/shop\/"},"modified":"2020-08-14T06:23:44","modified_gmt":"2020-08-14T06:23:44","slug":"our-philosophy","status":"publish","type":"page","link":"https:\/\/ndtcpartners.com.vn\/vi\/our-philosophy","title":{"rendered":"Tri\u00ea\u0301t ly\u0301 hoa\u0323t \u0111\u00f4\u0323ng"},"content":{"rendered":"<p><\/p>\n<div class=\"row\">\n<div class=\"col-xs-12 col-sm-12 col-md-6\"><img decoding=\"async\" id=\"comp-jlem5rco2balatamediaimageimage\" style=\"object-position: 50% 50%; width: 834px; height: 860px; object-fit: cover;\" src=\"https:\/\/ndtcpartners.com.vn\/wp-content\/uploads\/2020\/05\/giatri-cotloi.jpg\" alt=\"Gavel\" data-type=\"image\" \/><\/div>\n<div class=\"col-xs-12 col-sm-12 col-md-6 content\">\n<div class=\"right\">\n<p><strong>TRI\u00ca\u0301T LY\u0301 HOA\u0323T \u0110\u00d4\u0323NG<\/strong><\/p>\n<p>L\u00e0 m\u1ed9t c\u00f4ng ty lu\u1eadt, b\u1eb1ng c\u00e1ch t\u1eadp trung v\u00e0o chi\u1ebfn l\u01b0\u1ee3c kinh doanh t\u1ed5ng th\u1ec3 c\u1ee7a kh\u00e1ch h\u00e0ng, ch\u00fang t\u00f4i l\u1ea5y s\u1ef1 ph\u00e1t tri\u1ec3n \u1ed5n \u0111\u1ecbnh l\u00e0m c\u1ed1t l\u00f5i cho nh\u1eefng gi\u1ea3i ph\u00e1p c\u1ee7a m\u00ecnh , m\u00e0 kh\u00f4ng qu\u00ean \u0111i vi\u1ec7c cung c\u1ea5p nh\u1eefng gi\u1ea3i ph\u00e1p t\u01b0 v\u1ea5n v\u00e0 ph\u00e1p l\u00fd \u0111\u00f3 m\u1ed9t c\u00e1ch kinh t\u1ebf, hi\u1ec7u qu\u1ea3 nh\u1ea5t.<\/p>\n<p><strong>B\u1ed1n nguy\u00ean t\u1eafc ho\u1ea1t \u0111\u1ed9ng c\u1ee7a ch\u00fang t\u00f4i<\/strong><\/p>\n<ul>\n<li>Quan h\u1ec7 h\u1ee3p t\u00e1c l\u00e2u d\u00e0i<\/li>\n<li>S\u1ef1 chuy\u00ean nghi\u1ec7p theo ti\u00eau chu\u1ea9n qu\u1ed1c t\u1ebf<\/li>\n<li>S\u1ef1 t\u00edn nhi\u1ec7m tuy\u1ec7t \u0111\u1ed1i<\/li>\n<li>Tr\u00e1ch nhi\u1ec7m v\u1edbi x\u00e3 h\u1ed9i<\/li>\n<\/ul>\n<p>M\u1ee5c ti\u00eau ch\u00ednh c\u1ee7a ch\u00fang t\u00f4i l\u00e0 cung c\u1ea5p cho kh\u00e1ch h\u00e0ng nh\u1eefng l\u1eddi khuy\u00ean mang t\u00ednh t\u1ed5ng th\u1ec3 v\u00e0 chi\u1ebfn l\u01b0\u1ee3c. Ch\u00fang t\u00f4i nh\u1ea5n m\u1ea1nh \u0111\u1ebfn s\u01b0 uy t\u00edn v\u00e0 t\u00edn nhi\u1ec7m trong m\u1ecdi c\u00f4ng vi\u1ec7c m\u00e0 ch\u00fang t\u00f4i \u0111\u01b0\u1ee3c \u1ee7y th\u00e1c \u0111\u1ec3 c\u00f3 th\u1ec3 ph\u1ee5c v\u1ee5 l\u1ee3i \u00edch cho qu\u00fd kh\u00e1ch h\u00e0ng m\u1ed9t c\u00e1ch t\u1ed1t nh\u1ea5t.<\/p>\n<\/div>\n<\/div>\n<\/div>\n<p><\/p>","protected":false},"excerpt":{"rendered":"<p>TRI\u00ca\u0301T LY\u0301 HOA\u0323T \u0110\u00d4\u0323NG L\u00e0 m\u1ed9t c\u00f4ng ty lu\u1eadt, b\u1eb1ng c\u00e1ch t\u1eadp trung v\u00e0o chi\u1ebfn l\u01b0\u1ee3c kinh doanh t\u1ed5ng th\u1ec3 c\u1ee7a kh\u00e1ch h\u00e0ng, ch\u00fang t\u00f4i l\u1ea5y s\u1ef1 ph\u00e1t tri\u1ec3n \u1ed5n \u0111\u1ecbnh l\u00e0m c\u1ed1t l\u00f5i cho nh\u1eefng gi\u1ea3i ph\u00e1p c\u1ee7a m\u00ecnh , m\u00e0 kh\u00f4ng qu\u00ean \u0111i vi\u1ec7c cung c\u1ea5p nh\u1eefng gi\u1ea3i ph\u00e1p t\u01b0 v\u1ea5n v\u00e0 ph\u00e1p [&hellip;]<\/p>\n","protected":false},"author":1,"featured_media":0,"parent":0,"menu_order":0,"comment_status":"closed","ping_status":"closed","template":"page-about.php","meta":[],"_links":{"self":[{"href":"https:\/\/ndtcpartners.com.vn\/vi\/wp-json\/wp\/v2\/pages\/4"}],"collection":[{"href":"https:\/\/ndtcpartners.com.vn\/vi\/wp-json\/wp\/v2\/pages"}],"about":[{"href":"https:\/\/ndtcpartners.com.vn\/vi\/wp-json\/wp\/v2\/types\/page"}],"author":[{"embeddable":true,"href":"https:\/\/ndtcpartners.com.vn\/vi\/wp-json\/wp\/v2\/users\/1"}],"replies":[{"embeddable":true,"href":"https:\/\/ndtcpartners.com.vn\/vi\/wp-json\/wp\/v2\/comments?post=4"}],"version-history":[{"count":21,"href":"https:\/\/ndtcpartners.com.vn\/vi\/wp-json\/wp\/v2\/pages\/4\/revisions"}],"predecessor-version":[{"id":1307,"href":"https:\/\/ndtcpartners.com.vn\/vi\/wp-json\/wp\/v2\/pages\/4\/revisions\/1307"}],"wp:attachment":[{"href":"https:\/\/ndtcpartners.com.vn\/vi\/wp-json\/wp\/v2\/media?parent=4"}],"curies":[{"name":"wp","href":"https:\/\/api.w.org\/{rel}","templated":true}]}}