{"id":139,"date":"2019-07-22T08:36:14","date_gmt":"2019-07-22T08:36:14","guid":{"rendered":"http:\/\/ndtcpartners.com.vn\/?page_id=139"},"modified":"2021-05-13T03:31:15","modified_gmt":"2021-05-13T03:31:15","slug":"home-page-slideshow","status":"publish","type":"page","link":"https:\/\/ndtcpartners.com.vn\/vi\/home-page-slideshow","title":{"rendered":"(English) home page slideshow"},"content":{"rendered":"<p><\/p>\n<div id=\"myCarousel\" class=\"carousel slide\" data-interval=\"false\">\n<!-- Carousel indicators --><\/p>\n<ol class=\"carousel-indicators\">\n<li class=\"active\" data-target=\"#myCarousel\" data-slide-to=\"0\"><\/li>\n<li data-target=\"#myCarousel\" data-slide-to=\"1\"><\/li>\n<li data-target=\"#myCarousel\" data-slide-to=\"2\"><\/li>\n<li data-target=\"#myCarousel\" data-slide-to=\"3\"><\/li>\n<\/ol>\n<div class=\"carousel-inner\">\n<div class=\"item active\"><img decoding=\"async\" src=\"https:\/\/ndtcpartners.com.vn\/wp-content\/uploads\/2020\/07\/anh.jpeg\" alt=\"Los Angeles\" \/><\/p>\n<div class=\"carousel-caption\">\n<h3 class=\"font_5\"><a style=\"text-decoration: none;\" href=\"https:\/\/ndtcpartners.com.vn\/category\/blog\"><span class=\"dClass\">\u0110<\/span>\u00f3n S\u00f3ng FDI<\/a><\/h3>\n<p class=\"font_8\">Practical Advice. Sound Solution<\/p>\n<\/div>\n<\/div>\n<div class=\"item\"><img decoding=\"async\" src=\"https:\/\/ndtcpartners.com.vn\/wp-content\/uploads\/2019\/09\/slide_a1.png\" alt=\"Los Angeles\" \/><\/p>\n<div class=\"carousel-caption d-none d-md-block\">\n<h3 class=\"font_5\"><\/h3>\n<p class=\"font_8\">Practical Advice. Sound Solution<\/p>\n<\/div>\n<\/div>\n<div class=\"item\"><img decoding=\"async\" src=\"https:\/\/ndtcpartners.com.vn\/wp-content\/uploads\/2019\/09\/slide_a2.png\" alt=\"Los Angeles\" \/><\/p>\n<div class=\"carousel-caption\">\n<h3 class=\"font_5\"><\/h3>\n<p class=\"font_8\">Practical Advice. Sound Solution<\/p>\n<\/div>\n<\/div>\n<div class=\"item\"><img decoding=\"async\" src=\"https:\/\/ndtcpartners.com.vn\/wp-content\/uploads\/2019\/09\/slide_a3.png\" alt=\"Los Angeles\" \/><\/p>\n<div class=\"carousel-caption\">\n<h3 class=\"font_5\"><\/h3>\n<p class=\"font_8\">Practical Advice. Sound Solution<\/p>\n<\/div>\n<\/div>\n<\/div>\n<p><a class=\"left carousel-control\" href=\"#myCarousel\" data-slide=\"prev\"><\/p>\n<p><span class=\"sr-only\">Previous<\/span><br \/>\n<\/a><br \/>\n<a class=\"right carousel-control\" href=\"#myCarousel\" data-slide=\"next\"><\/p>\n<p><span class=\"sr-only\">Next<\/span><br \/>\n<\/a><\/p>\n<\/div>\n<p><\/p>","protected":false},"excerpt":{"rendered":"<p>\u0110\u00f3n S\u00f3ng FDI Practical Advice. Sound Solution Practical Advice. Sound Solution Practical Advice. Sound Solution Practical Advice. Sound Solution Previous Next<\/p>\n","protected":false},"author":1,"featured_media":0,"parent":0,"menu_order":0,"comment_status":"closed","ping_status":"closed","template":"","meta":[],"_links":{"self":[{"href":"https:\/\/ndtcpartners.com.vn\/vi\/wp-json\/wp\/v2\/pages\/139"}],"collection":[{"href":"https:\/\/ndtcpartners.com.vn\/vi\/wp-json\/wp\/v2\/pages"}],"about":[{"href":"https:\/\/ndtcpartners.com.vn\/vi\/wp-json\/wp\/v2\/types\/page"}],"author":[{"embeddable":true,"href":"https:\/\/ndtcpartners.com.vn\/vi\/wp-json\/wp\/v2\/users\/1"}],"replies":[{"embeddable":true,"href":"https:\/\/ndtcpartners.com.vn\/vi\/wp-json\/wp\/v2\/comments?post=139"}],"version-history":[{"count":63,"href":"https:\/\/ndtcpartners.com.vn\/vi\/wp-json\/wp\/v2\/pages\/139\/revisions"}],"predecessor-version":[{"id":1785,"href":"https:\/\/ndtcpartners.com.vn\/vi\/wp-json\/wp\/v2\/pages\/139\/revisions\/1785"}],"wp:attachment":[{"href":"https:\/\/ndtcpartners.com.vn\/vi\/wp-json\/wp\/v2\/media?parent=139"}],"curies":[{"name":"wp","href":"https:\/\/api.w.org\/{rel}","templated":true}]}}